{"id":3607,"date":"2017-11-09T11:02:31","date_gmt":"2017-11-09T10:02:31","guid":{"rendered":"https:\/\/www.xooloo.com\/fr\/?page_id=3607"},"modified":"2018-04-18T17:43:17","modified_gmt":"2018-04-18T15:43:17","slug":"landing","status":"publish","type":"page","link":"https:\/\/www.xooloo.com\/fr\/landing\/","title":{"rendered":"Landing"},"content":{"rendered":"<section class=\"section-landing section-2 h-bloc\">\r\n    <div class=\"wrap noanim\">\r\n        <div class=\"flipperContainer\">\r\n            <div class=\"flipperContent flipperV\">\r\n                <div class=\"flipperFace\">\r\n                    <div class=\"flipperContainer\">\r\n                        <div class=\"flipperContent flipperH\">\r\n                            <div class=\"flipperFace\">\r\n                                <div class=\"module-landing shadow-landing android active\">\r\n                                    <div class=\"landing-title\">\r\n                                        <h1 class=\"kuro fs2 f600\">R\u00e9volutionnez la vie num\u00e9rique de vos enfants<\/h1>\r\n                                    <\/div>\r\n                                    <div class=\"landing-content\">\r\n                                        <div class=\"landing-phone\">\r\n                                            <div class=\"phone-background\"><\/div>\r\n\r\n                                            <img decoding=\"async\" \r\n                                                 class=\"active phone-screen\" \r\n                                                 src=\"https:\/\/www.xooloo.com\/fr\/wp-content\/themes\/xooloo-v3\/img\/landing\/fr\/digital-coach-android-coaching.jpg\" \r\n                                                 data-0=\"\/digital-coach-android-coaching.jpg\" \r\n                                                 data-1=\"\/digital-coach-android-real-time-insights.jpg\" \r\n                                                 data-2=\"\/digital-coach-android-benchmark.jpg\" \r\n                                                 data-3=\"\/digital-coach-android-extra-time-request.jpg\" \r\n                                                 data-4=\"\/digital-coach-android-time-connected.jpg\" \r\n                                                 data-racine=\"https:\/\/www.xooloo.com\/fr\/wp-content\/themes\/xooloo-v3\/img\/landing\/fr\" \r\n                                                 alt=\"screenshot digitalcoach android\"\r\n                                            >\r\n\r\n                                        <\/div>\r\n                                        <div class=\"landing-content-pres\">\r\n                                            <div class=\"landing-pres\">\r\n                                                <i class=\"icn icn-xdc-line-colo bigicn-xdc-line-colo\"><\/i>\r\n                                                <span class=\"fs10 tc sg landing-dispo\">Disponible sur Android et iOS<\/span>\r\n                                                <p class=\"fs7 tc p\">\r\n \r\n\r\n                                                    Xooloo Digital Coach est une application de Coaching autonome qui guide vos enfants dans leur usage num\u00e9rique. Le fait de donner \u00e0 vos enfants de l&rsquo;autonomie ainsi qu&rsquo;un moyen leur permettant de se rendre compte du temps qu&rsquo;ils passent devant les \u00e9crans, les responsabilise et les aide \u00e0 mod\u00e9rer leur usage.\r\n\r\n                                                <\/p>\r\n                                            <\/div>\r\n                                            <div class=\"landing-list m-0 s-0 fs7 tc\">\r\n                                                <div>\r\n                                                    <ul>\r\n                                                        <li class=\"active\"><span>Coaching<\/span><\/li>\r\n                                                        <li><span>Usages en temps r\u00e9el<\/span><\/li>\r\n                                                        <li><span>Moyennes Xooloo<\/span><\/li>\r\n                                                    <\/ul>\r\n                                                <\/div>\r\n                                                <div>\r\n                                                    <ul>\r\n                                                        <li><span>Demande de Temps<\/span><\/li>\r\n                                                        <li><span>Dur\u00e9e d&rsquo;utilisation<\/span><\/li>\r\n                                                        <li class=\"noClick\"><span>Protection Web<\/span><\/li>\r\n                                                    <\/ul>\r\n                                                <\/div>\r\n                                            <\/div>\r\n                                        <\/div>\r\n                                        <div class=\"landing-os\">\r\n                                            <i class=\"icn bigicn-active-android icn-active-android\"><\/i>\r\n                                            <a href=\"#\" class=\"landing-icn-hover landing-icn-ios\">\r\n                                                <i class=\"icn bigicn-ios icn-ios active\"><\/i>\r\n                                                <i class=\"icn bigicn-active-ios icn-active-ios landing-icn-mask\"><\/i>\r\n                                            <\/a>\r\n                                        <\/div>\r\n                                        <div class=\"nav-module flex-align-center\">\r\n                                            <ul>\r\n                                                <li class=\"active\"><span> <\/span><\/li>\r\n                                                <li><div class='right'><span> <\/span><\/div><\/li>\r\n                                                <li class='none'><span> <\/span><\/li>\r\n                                            <\/ul>\r\n                                        <\/div>\r\n                                    <\/div>\r\n                                <\/div>\r\n                            <\/div>\r\n                            <div class=\"flipH flipperFace\">\r\n                                <div class=\"module-landing shadow-landing ios\">\r\n                                    <div class=\"landing-title\">\r\n                                        <h1 class=\"kuro fs2 f600\">R\u00e9volutionnez la vie num\u00e9rique de vos enfants<\/h1>\r\n                                    <\/div>\r\n                                    <div class=\"landing-content\">\r\n                                        <div class=\"landing-phone\">\r\n                                            <div class=\"phone-background\"><\/div>\r\n                                            <img decoding=\"async\" \r\n                                                 class=\"phone-screen\" \r\n                                                 src=\"https:\/\/www.xooloo.com\/fr\/wp-content\/themes\/xooloo-v3\/img\/landing\/fr\/digital-coach-ios-approuved-apps.jpg\" \r\n                                                 data-0=\"\/digital-coach-ios-approuved-apps.jpg\" \r\n                                                 data-1=\"\/digital-coach-ios-web-safe.jpg\" \r\n                                                 data-racine=\"https:\/\/www.xooloo.com\/fr\/wp-content\/themes\/xooloo-v3\/img\/landing\/fr\" \r\n                                                 alt=\"screenshot digitalcoach ios\"\r\n                                            >\r\n                                        <\/div>\r\n                                        <div class=\"landing-content-pres\">\r\n                                            <div class=\"landing-pres\">\r\n                                                <i class=\"icn icn-xdc-line-colo bigicn-xdc-line-colo\"><\/i>\r\n                                                <span class=\"fs10 tc sg landing-dispo\">Disponible sur Android et iOS<\/span>\r\n                                                <p class=\"fs7 tc p l-0 xl-0\">\r\n\r\n\r\n                                                    Xooloo Digital Coach iOS est la parfaite application pour aider votre enfant \u00e0 faire ses premiers pas dans le monde du num\u00e9rique. Applications appropri\u00e9es (en fonction de l&rsquo;age) et Internet s\u00e9curis\u00e9.\r\n\r\n\r\n                                                <\/p>\r\n                                                <p class=\"fs7 tc p m-0 s-0\">\r\n\r\n\r\n                                                    Xooloo Digital Coach iOS est la parfaite application pour aider votre enfant \u00e0 faire ses premiers pas dans le monde du num\u00e9rique. Les enfants peuvent voir quelles applications leurs parents jugent appropri\u00e9es et quel niveau de s\u00e9curit\u00e9 est appliqu\u00e9 sur leur t\u00e9l\u00e9phone. Nous avons int\u00e9gr\u00e9 un syst\u00e8me d&rsquo;IA filtrant les contenus inappropri\u00e9s, offrant aux enfants la meilleure experience num\u00e9rique possible.\r\n\r\n\r\n                                                <\/p>\r\n                                            <\/div>\r\n                                            <div class=\"landing-list m-0 s-0 fs7 tc\">\r\n                                                <div>\r\n                                                    <ul>\r\n                                                        <li class=\"active\"><span>Applis approuv\u00e9es<\/span><\/li>\r\n                                                    <\/ul>\r\n                                                <\/div>\r\n                                                <div>\r\n                                                    <ul>\r\n                                                        <li><span>Protection Web<\/span><\/li>\r\n                                                    <\/ul>\r\n                                                <\/div>\r\n                                            <\/div>\r\n                                            <div class=\"landing-nb tc italic sg\">\r\n                                                \r\n\r\n                                                 Due \u00e0 la plateforme ferm\u00e9e d&rsquo;Apple, Digital Coach est incapable de remonter l&rsquo;usage de vos enfants et de les coacher de fa\u00e7on autonome, c&rsquo;est pourquoi l&rsquo;application ne fonctionne pas de la m\u00eame fa\u00e7on que sur un appareil Android.\r\n\r\n\r\n                                            <\/div>\r\n                                        <\/div>\r\n                                        <div class=\"landing-os\">\r\n                                            <a href=\"#\" class=\"landing-icn-hover landing-icn-android\">\r\n                                                <i class=\"icn bigicn-android icn-android active\"><\/i>\r\n                                                <i class=\"icn bigicn-active-android icn-active-android landing-icn-mask\"><\/i>\r\n                                            <\/a>\r\n                                            <i class=\"icn bigicn-active-ios icn-active-ios active\"><\/i>\r\n                                        <\/div>\r\n                                        <div class=\"nav-module flex-align-center\">\r\n                                            <ul>\r\n                                                <li><div class='left'><span> <\/span><\/div><\/li>\r\n                                                <li class=\"active\"><span> <\/span><\/li>\r\n                                                <li><div class='right'><span> <\/span><\/div><\/li>\r\n                                            <\/ul>\r\n                                        <\/div>\r\n                                    <\/div>\r\n                                <\/div>\r\n                            <\/div>\r\n                        <\/div>\r\n                    <\/div>\r\n                <\/div>\r\n                <div class=\"flipV flipperFace\">\r\n                    <div class=\"module-landing shadow-landing landingXR\">\r\n                    <div class=\"landing-title\">\r\n                        <h1 class=\"kuro fs2 f600\">R\u00e9volutionnez la vie num\u00e9rique de vos enfants<\/h1>\r\n                    <\/div>\r\n                    <div class=\"landing-content\">\r\n                        <div class=\"landing-phone\">\r\n                            <div class=\"phone-background\"><\/div>\r\n                            <img decoding=\"async\" \r\n                                 class=\"phone-screen\" \r\n                                 src=\"https:\/\/www.xooloo.com\/fr\/wp-content\/themes\/xooloo-v3\/img\/landing\/fr\/parents-ios-coaching-fairness.jpg\"\r\n                                 data-0=\"\/parents-ios-coaching-fairness.jpg\" \r\n                                 data-1=\"\/parents-ios-real-time-insights.jpg\" \r\n                                 data-2=\"\/parents-benchmark-usage-rules.jpg\" \r\n                                 data-3=\"\/parents-ios-notifications.jpg\" \r\n                                 data-4=\"\/parents-ios-dinner-time.jpg\" \r\n                                 data-5=\"\/parents-ios-web-protection.jpg\" \r\n                                 data-racine=\"https:\/\/www.xooloo.com\/fr\/wp-content\/themes\/xooloo-v3\/img\/landing\/fr\" alt=\"screenshot digitalcoach ios\"\r\n                            >\r\n                        <\/div>\r\n                        <div class=\"landing-content-pres\">\r\n                            <div class=\"landing-pres\">\r\n                                <i class=\"icn icn-xp-line-colo bigicn-xp-line-colo\"><\/i>\r\n                                <span class=\"fs10 tc sg landing-dispo\">Disponible sur Android et iOS<\/span>\r\n                                <p class=\"fs7 tc p\">\r\n                                    \r\n                                    Xooloo Parents vous permet de rester connect\u00e9 avec les personnes qui comptent le plus, vos enfants. Synchronis\u00e9 \u00e0 Xooloo Digital Coach vous avez acc\u00e8s aux usages de vos enfants et vous \u00eates guid\u00e9s sur la mani\u00e8re de les coacher. Ici l&rsquo;objectif est qu&rsquo;ils d\u00e9veloppent de fa\u00e7on ind\u00e9pendante des bonnes habitudes num\u00e9riques.\r\n\r\n\r\n                                <\/p>\r\n                            <\/div>\r\n                            <div class=\"landing-list m-0 s-0 fs7 tc\">\r\n                                <div>\r\n                                    <ul>\r\n                                        <li class=\"active\"><span>Conseil du Coach<\/span><\/li>\r\n                                        <li><span>Usages en temps r\u00e9el<\/span><\/li>\r\n                                        <li><span>Moyennes Xooloo<\/span><\/li>\r\n                                    <\/ul>\r\n                                <\/div>\r\n                                <div>\r\n                                    <ul>\r\n                                        <li><span>Message In-app<\/span><\/li>\r\n                                        <li><span>Mode \u00e0 Table !<\/span><\/li>\r\n                                        <li><span>Protection Web<\/span><\/li>\r\n                                    <\/ul>\r\n                                <\/div>\r\n                            <\/div>\r\n                        <\/div>\r\n                        <div class=\"nav-module flex-align-center\">\r\n                            <ul>\r\n                              <li class='none'><\/li>\r\n                              <li><div class='left'><span> <\/span><\/div><\/li>\r\n                              <li class='active'><span> <\/span><\/li>\r\n                           <\/ul>\r\n                        <\/div>\r\n                    <\/div>\r\n                <\/div>\r\n                <\/div>\r\n            <\/div>\r\n        <\/div>\r\n        <div class=\"nav-landing m-0 s-0\">\r\n            <ul>\r\n                <li class=\"active\"><i id=\"landing-xdc-android\"><\/i><\/li>\r\n                <li><i id=\"landing-xdc-ios\"><\/i><\/li>\r\n                <li><i id=\"landing-xr-landingXR\"><\/i><\/li>\r\n            <\/ul>\r\n        <\/div>\r\n    <\/div>\r\n    <div class=\"mobileVersion\">\r\n        <div>\r\n        \r\n        <\/div>\r\n    <\/div>\r\n<\/section>\r\n<section class=\"section-landing section-3\">\r\n    <div class=\"s-11 m-8 l-6 xl-5\">\r\n        <p class=\"fs2 kuro f600 color-title center\">\r\n            Qui sommes-nous ?\r\n        <\/p>\r\n        <p class=\"fs8 tc p\">\r\n           \r\n            \r\n            Chez Xooloo nous voyons les nouvelles technologies comme une opportunit\u00e9 pour les enfants, non une menace. Notre r\u00f4le est de lever les barri\u00e8res qui freinent l&rsquo;acc\u00e8s des enfants \u00e0 ces nouvelles technologies car nous pensons que c&rsquo;est un outil formidable qui va leur permettre de transformer le monde. C&rsquo;est pourquoi nous d\u00e9veloppons des services destin\u00e9s aux enfants pour r\u00e9volutionner leur experience num\u00e9rique en la rendant plus s\u00fbre, plus fun et plus simple.\r\n\r\n\r\n        <\/p>\r\n        <button class=\"button-style medium s-0 m-0 l-8 xl-6 backcolor-primary creaAccount\">\r\n            Cr\u00e9er mon compte\r\n        <\/button>\r\n        <a href=\"#\" class=\"button-style medium s-8 m-8 l-8 popup-dl xl-0 backcolor-primary download-landing\" data-app=\"xdc\" data-from=\"landing-page\" data-first-step=\"1\">\r\n            T\u00e9l\u00e9charger mon app\r\n        <\/a>\r\n    <\/div>\r\n<\/section>","protected":false},"excerpt":{"rendered":"R\u00e9volutionnez la vie num\u00e9rique de vos enfants Disponible sur Android et iOS Xooloo Digital Coach est une application de Coaching autonome qui guide vos enfants dans leur usage num\u00e9rique. Le fait de donner \u00e0 vos enfants de l&rsquo;autonomie ainsi qu&rsquo;un moyen leur permettant de se rendre compte du temps qu&rsquo;ils passent devant les \u00e9crans, les [&hellip;]","protected":false},"author":1,"featured_media":0,"parent":0,"menu_order":0,"comment_status":"closed","ping_status":"closed","template":"landing_v2.php","meta":{"footnotes":""},"yoast_head":"<!-- This site is optimized with the Yoast SEO plugin v21.7 - https:\/\/yoast.com\/wordpress\/plugins\/seo\/ -->\n<title>Landing - Xooloo<\/title>\n<meta name=\"robots\" content=\"index, follow, max-snippet:-1, max-image-preview:large, max-video-preview:-1\" \/>\n<link rel=\"canonical\" href=\"https:\/\/www.xooloo.com\/fr\/landing\/\" \/>\n<meta property=\"og:locale\" content=\"fr_FR\" \/>\n<meta property=\"og:type\" content=\"article\" \/>\n<meta property=\"og:title\" content=\"Landing - Xooloo\" \/>\n<meta property=\"og:description\" content=\"R\u00e9volutionnez la vie num\u00e9rique de vos enfants Disponible sur Android et iOS Xooloo Digital Coach est une application de Coaching autonome qui guide vos enfants dans leur usage num\u00e9rique. Le fait de donner \u00e0 vos enfants de l&rsquo;autonomie ainsi qu&rsquo;un moyen leur permettant de se rendre compte du temps qu&rsquo;ils passent devant les \u00e9crans, les [&hellip;]\" \/>\n<meta property=\"og:url\" content=\"https:\/\/www.xooloo.com\/fr\/landing\/\" \/>\n<meta property=\"og:site_name\" content=\"Xooloo\" \/>\n<meta property=\"article:modified_time\" content=\"2018-04-18T15:43:17+00:00\" \/>\n<meta name=\"twitter:card\" content=\"summary_large_image\" \/>\n<meta name=\"twitter:label1\" content=\"Dur\u00e9e de lecture estim\u00e9e\" \/>\n\t<meta name=\"twitter:data1\" content=\"2 minutes\" \/>\n<script type=\"application\/ld+json\" class=\"yoast-schema-graph\">{\"@context\":\"https:\/\/schema.org\",\"@graph\":[{\"@type\":\"WebPage\",\"@id\":\"https:\/\/www.xooloo.com\/fr\/landing\/\",\"url\":\"https:\/\/www.xooloo.com\/fr\/landing\/\",\"name\":\"Landing - Xooloo\",\"isPartOf\":{\"@id\":\"https:\/\/www.xooloo.com\/fr\/#website\"},\"datePublished\":\"2017-11-09T10:02:31+00:00\",\"dateModified\":\"2018-04-18T15:43:17+00:00\",\"inLanguage\":\"fr-FR\",\"potentialAction\":[{\"@type\":\"ReadAction\",\"target\":[\"https:\/\/www.xooloo.com\/fr\/landing\/\"]}]},{\"@type\":\"WebSite\",\"@id\":\"https:\/\/www.xooloo.com\/fr\/#website\",\"url\":\"https:\/\/www.xooloo.com\/fr\/\",\"name\":\"Xooloo\",\"description\":\"Xooloo r\u00e9volutionne la vie num\u00e9rique de vos enfants\",\"potentialAction\":[{\"@type\":\"SearchAction\",\"target\":{\"@type\":\"EntryPoint\",\"urlTemplate\":\"https:\/\/www.xooloo.com\/fr\/?s={search_term_string}\"},\"query-input\":\"required name=search_term_string\"}],\"inLanguage\":\"fr-FR\"}]}<\/script>\n<!-- \/ Yoast SEO plugin. -->","yoast_head_json":{"title":"Landing - Xooloo","robots":{"index":"index","follow":"follow","max-snippet":"max-snippet:-1","max-image-preview":"max-image-preview:large","max-video-preview":"max-video-preview:-1"},"canonical":"https:\/\/www.xooloo.com\/fr\/landing\/","og_locale":"fr_FR","og_type":"article","og_title":"Landing - Xooloo","og_description":"R\u00e9volutionnez la vie num\u00e9rique de vos enfants Disponible sur Android et iOS Xooloo Digital Coach est une application de Coaching autonome qui guide vos enfants dans leur usage num\u00e9rique. Le fait de donner \u00e0 vos enfants de l&rsquo;autonomie ainsi qu&rsquo;un moyen leur permettant de se rendre compte du temps qu&rsquo;ils passent devant les \u00e9crans, les [&hellip;]","og_url":"https:\/\/www.xooloo.com\/fr\/landing\/","og_site_name":"Xooloo","article_modified_time":"2018-04-18T15:43:17+00:00","twitter_card":"summary_large_image","twitter_misc":{"Dur\u00e9e de lecture estim\u00e9e":"2 minutes"},"schema":{"@context":"https:\/\/schema.org","@graph":[{"@type":"WebPage","@id":"https:\/\/www.xooloo.com\/fr\/landing\/","url":"https:\/\/www.xooloo.com\/fr\/landing\/","name":"Landing - Xooloo","isPartOf":{"@id":"https:\/\/www.xooloo.com\/fr\/#website"},"datePublished":"2017-11-09T10:02:31+00:00","dateModified":"2018-04-18T15:43:17+00:00","inLanguage":"fr-FR","potentialAction":[{"@type":"ReadAction","target":["https:\/\/www.xooloo.com\/fr\/landing\/"]}]},{"@type":"WebSite","@id":"https:\/\/www.xooloo.com\/fr\/#website","url":"https:\/\/www.xooloo.com\/fr\/","name":"Xooloo","description":"Xooloo r\u00e9volutionne la vie num\u00e9rique de vos enfants","potentialAction":[{"@type":"SearchAction","target":{"@type":"EntryPoint","urlTemplate":"https:\/\/www.xooloo.com\/fr\/?s={search_term_string}"},"query-input":"required name=search_term_string"}],"inLanguage":"fr-FR"}]}},"_links":{"self":[{"href":"https:\/\/www.xooloo.com\/fr\/wp-json\/wp\/v2\/pages\/3607"}],"collection":[{"href":"https:\/\/www.xooloo.com\/fr\/wp-json\/wp\/v2\/pages"}],"about":[{"href":"https:\/\/www.xooloo.com\/fr\/wp-json\/wp\/v2\/types\/page"}],"author":[{"embeddable":true,"href":"https:\/\/www.xooloo.com\/fr\/wp-json\/wp\/v2\/users\/1"}],"replies":[{"embeddable":true,"href":"https:\/\/www.xooloo.com\/fr\/wp-json\/wp\/v2\/comments?post=3607"}],"version-history":[{"count":3,"href":"https:\/\/www.xooloo.com\/fr\/wp-json\/wp\/v2\/pages\/3607\/revisions"}],"predecessor-version":[{"id":3850,"href":"https:\/\/www.xooloo.com\/fr\/wp-json\/wp\/v2\/pages\/3607\/revisions\/3850"}],"wp:attachment":[{"href":"https:\/\/www.xooloo.com\/fr\/wp-json\/wp\/v2\/media?parent=3607"}],"curies":[{"name":"wp","href":"https:\/\/api.w.org\/{rel}","templated":true}]}}