{"id":3495,"date":"2017-09-25T09:14:53","date_gmt":"2017-09-25T07:14:53","guid":{"rendered":"https:\/\/www.xooloo.com\/fr\/?page_id=3495"},"modified":"2018-03-27T17:00:31","modified_gmt":"2018-03-27T15:00:31","slug":"reseaux-sociaux","status":"publish","type":"page","link":"https:\/\/www.xooloo.com\/fr\/stats\/reseaux-sociaux\/","title":{"rendered":"Stats R\u00e9seaux Sociaux"},"content":{"rendered":"<div class=\"container mt60px\">\r\n    <div class=\"s-12 m-10 l-10 xl-10 container bgp-stv py30px\">\r\n         <div class=\"s-12 m-12 l-11 xl-10 px8px\">\r\n             <span class=\"stv kuro fs6 fisrtP\">Un premier point :<\/span>\r\n             <p class=\"mt25px tc pg\">\r\n\r\nVous vous demandez \u00e0 quel \u00e2ge les enfants se connectent sur les r\u00e9seaux sociaux et combien de temps d&rsquo;\u00e9cran ils y consacrent ?\r\n<br><br>\r\nLes r\u00e9seaux sociaux accaparent rapidement le temps des filles d\u00e8s 11 ans et d\u00e8s 12 ans, c&rsquo;est m\u00eame la cat\u00e9gorie la plus utilis\u00e9e, devant la vid\u00e9o. Pour les gar\u00e7ons, l&rsquo;adoption est plus tardive et plus lente. Vous pensez sans doute \u00e0 Facebook mais la premi\u00e8re application est en fait Snapchat.\r\n\r\n             <\/p>\r\n         <\/div>\r\n    <\/div>\r\n<\/div>","protected":false},"excerpt":{"rendered":"Un premier point : Vous vous demandez \u00e0 quel \u00e2ge les enfants se connectent sur les r\u00e9seaux sociaux et combien de temps d&rsquo;\u00e9cran ils y consacrent ? Les r\u00e9seaux sociaux accaparent rapidement le temps des filles d\u00e8s 11 ans et d\u00e8s 12 ans, c&rsquo;est m\u00eame la cat\u00e9gorie la plus utilis\u00e9e, devant la vid\u00e9o. Pour les [&hellip;]","protected":false},"author":1,"featured_media":0,"parent":3486,"menu_order":0,"comment_status":"closed","ping_status":"closed","template":"page_stats.php","meta":{"footnotes":""},"yoast_head":"<!-- This site is optimized with the Yoast SEO plugin v21.7 - https:\/\/yoast.com\/wordpress\/plugins\/seo\/ -->\n<title>Combien de temps passent les enfants sur les r\u00e9seaux sociaux ? - Les Usages des 8-13 ans<\/title>\n<meta name=\"description\" content=\"Vous vous demandez \u00e0 quel \u00e2ge les enfants se connectent sur les r\u00e9seaux sociaux et combien de temps d\u2019\u00e9cran ils y consacrent ? Usage des filles et gar\u00e7ons\" \/>\n<meta name=\"robots\" content=\"index, follow, max-snippet:-1, max-image-preview:large, max-video-preview:-1\" \/>\n<link rel=\"canonical\" href=\"https:\/\/www.xooloo.com\/fr\/stats\/reseaux-sociaux\/\" \/>\n<meta property=\"og:locale\" content=\"fr_FR\" \/>\n<meta property=\"og:type\" content=\"article\" \/>\n<meta property=\"og:title\" content=\"Combien de temps passent les enfants sur les r\u00e9seaux sociaux ? - Les Usages des 8-13 ans\" \/>\n<meta property=\"og:description\" content=\"Vous vous demandez \u00e0 quel \u00e2ge les enfants se connectent sur les r\u00e9seaux sociaux et combien de temps d\u2019\u00e9cran ils y consacrent ? Usage des filles et gar\u00e7ons\" \/>\n<meta property=\"og:url\" content=\"https:\/\/www.xooloo.com\/fr\/stats\/reseaux-sociaux\/\" \/>\n<meta property=\"og:site_name\" content=\"Xooloo\" \/>\n<meta property=\"article:modified_time\" content=\"2018-03-27T15:00:31+00:00\" \/>\n<meta property=\"og:image\" content=\"https:\/\/www.xooloo.com\/fr\/wp-content\/uploads\/2017\/09\/stats-FR.jpeg\" \/>\n<meta name=\"twitter:card\" content=\"summary_large_image\" \/>\n<meta name=\"twitter:title\" content=\"Combien de temps passent les enfants sur les r\u00e9seaux sociaux ? - Les Usages des 8-13 ans\" \/>\n<meta name=\"twitter:description\" content=\"Vous vous demandez \u00e0 quel \u00e2ge les enfants se connectent sur les r\u00e9seaux sociaux et combien de temps d\u2019\u00e9cran ils y consacrent ? Usage des filles et gar\u00e7ons\" \/>\n<meta name=\"twitter:image\" content=\"https:\/\/www.xooloo.com\/fr\/wp-content\/uploads\/2017\/09\/stats-FR.jpeg\" \/>\n<script type=\"application\/ld+json\" class=\"yoast-schema-graph\">{\"@context\":\"https:\/\/schema.org\",\"@graph\":[{\"@type\":\"WebPage\",\"@id\":\"https:\/\/www.xooloo.com\/fr\/stats\/reseaux-sociaux\/\",\"url\":\"https:\/\/www.xooloo.com\/fr\/stats\/reseaux-sociaux\/\",\"name\":\"Combien de temps passent les enfants sur les r\u00e9seaux sociaux ? - Les Usages des 8-13 ans\",\"isPartOf\":{\"@id\":\"https:\/\/www.xooloo.com\/fr\/#website\"},\"datePublished\":\"2017-09-25T07:14:53+00:00\",\"dateModified\":\"2018-03-27T15:00:31+00:00\",\"description\":\"Vous vous demandez \u00e0 quel \u00e2ge les enfants se connectent sur les r\u00e9seaux sociaux et combien de temps d\u2019\u00e9cran ils y consacrent ? Usage des filles et gar\u00e7ons\",\"breadcrumb\":{\"@id\":\"https:\/\/www.xooloo.com\/fr\/stats\/reseaux-sociaux\/#breadcrumb\"},\"inLanguage\":\"fr-FR\",\"potentialAction\":[{\"@type\":\"ReadAction\",\"target\":[\"https:\/\/www.xooloo.com\/fr\/stats\/reseaux-sociaux\/\"]}]},{\"@type\":\"BreadcrumbList\",\"@id\":\"https:\/\/www.xooloo.com\/fr\/stats\/reseaux-sociaux\/#breadcrumb\",\"itemListElement\":[{\"@type\":\"ListItem\",\"position\":1,\"name\":\"Stats\",\"item\":\"https:\/\/www.xooloo.com\/fr\/stats\/\"},{\"@type\":\"ListItem\",\"position\":2,\"name\":\"Stats R\u00e9seaux Sociaux\"}]},{\"@type\":\"WebSite\",\"@id\":\"https:\/\/www.xooloo.com\/fr\/#website\",\"url\":\"https:\/\/www.xooloo.com\/fr\/\",\"name\":\"Xooloo\",\"description\":\"Xooloo r\u00e9volutionne la vie num\u00e9rique de vos enfants\",\"potentialAction\":[{\"@type\":\"SearchAction\",\"target\":{\"@type\":\"EntryPoint\",\"urlTemplate\":\"https:\/\/www.xooloo.com\/fr\/?s={search_term_string}\"},\"query-input\":\"required name=search_term_string\"}],\"inLanguage\":\"fr-FR\"}]}<\/script>\n<!-- \/ Yoast SEO plugin. -->","yoast_head_json":{"title":"Combien de temps passent les enfants sur les r\u00e9seaux sociaux ? - Les Usages des 8-13 ans","description":"Vous vous demandez \u00e0 quel \u00e2ge les enfants se connectent sur les r\u00e9seaux sociaux et combien de temps d\u2019\u00e9cran ils y consacrent ? Usage des filles et gar\u00e7ons","robots":{"index":"index","follow":"follow","max-snippet":"max-snippet:-1","max-image-preview":"max-image-preview:large","max-video-preview":"max-video-preview:-1"},"canonical":"https:\/\/www.xooloo.com\/fr\/stats\/reseaux-sociaux\/","og_locale":"fr_FR","og_type":"article","og_title":"Combien de temps passent les enfants sur les r\u00e9seaux sociaux ? - Les Usages des 8-13 ans","og_description":"Vous vous demandez \u00e0 quel \u00e2ge les enfants se connectent sur les r\u00e9seaux sociaux et combien de temps d\u2019\u00e9cran ils y consacrent ? Usage des filles et gar\u00e7ons","og_url":"https:\/\/www.xooloo.com\/fr\/stats\/reseaux-sociaux\/","og_site_name":"Xooloo","article_modified_time":"2018-03-27T15:00:31+00:00","og_image":[{"url":"https:\/\/www.xooloo.com\/fr\/wp-content\/uploads\/2017\/09\/stats-FR.jpeg"}],"twitter_card":"summary_large_image","twitter_title":"Combien de temps passent les enfants sur les r\u00e9seaux sociaux ? - Les Usages des 8-13 ans","twitter_description":"Vous vous demandez \u00e0 quel \u00e2ge les enfants se connectent sur les r\u00e9seaux sociaux et combien de temps d\u2019\u00e9cran ils y consacrent ? Usage des filles et gar\u00e7ons","twitter_image":"https:\/\/www.xooloo.com\/fr\/wp-content\/uploads\/2017\/09\/stats-FR.jpeg","schema":{"@context":"https:\/\/schema.org","@graph":[{"@type":"WebPage","@id":"https:\/\/www.xooloo.com\/fr\/stats\/reseaux-sociaux\/","url":"https:\/\/www.xooloo.com\/fr\/stats\/reseaux-sociaux\/","name":"Combien de temps passent les enfants sur les r\u00e9seaux sociaux ? - Les Usages des 8-13 ans","isPartOf":{"@id":"https:\/\/www.xooloo.com\/fr\/#website"},"datePublished":"2017-09-25T07:14:53+00:00","dateModified":"2018-03-27T15:00:31+00:00","description":"Vous vous demandez \u00e0 quel \u00e2ge les enfants se connectent sur les r\u00e9seaux sociaux et combien de temps d\u2019\u00e9cran ils y consacrent ? Usage des filles et gar\u00e7ons","breadcrumb":{"@id":"https:\/\/www.xooloo.com\/fr\/stats\/reseaux-sociaux\/#breadcrumb"},"inLanguage":"fr-FR","potentialAction":[{"@type":"ReadAction","target":["https:\/\/www.xooloo.com\/fr\/stats\/reseaux-sociaux\/"]}]},{"@type":"BreadcrumbList","@id":"https:\/\/www.xooloo.com\/fr\/stats\/reseaux-sociaux\/#breadcrumb","itemListElement":[{"@type":"ListItem","position":1,"name":"Stats","item":"https:\/\/www.xooloo.com\/fr\/stats\/"},{"@type":"ListItem","position":2,"name":"Stats R\u00e9seaux Sociaux"}]},{"@type":"WebSite","@id":"https:\/\/www.xooloo.com\/fr\/#website","url":"https:\/\/www.xooloo.com\/fr\/","name":"Xooloo","description":"Xooloo r\u00e9volutionne la vie num\u00e9rique de vos enfants","potentialAction":[{"@type":"SearchAction","target":{"@type":"EntryPoint","urlTemplate":"https:\/\/www.xooloo.com\/fr\/?s={search_term_string}"},"query-input":"required name=search_term_string"}],"inLanguage":"fr-FR"}]}},"_links":{"self":[{"href":"https:\/\/www.xooloo.com\/fr\/wp-json\/wp\/v2\/pages\/3495"}],"collection":[{"href":"https:\/\/www.xooloo.com\/fr\/wp-json\/wp\/v2\/pages"}],"about":[{"href":"https:\/\/www.xooloo.com\/fr\/wp-json\/wp\/v2\/types\/page"}],"author":[{"embeddable":true,"href":"https:\/\/www.xooloo.com\/fr\/wp-json\/wp\/v2\/users\/1"}],"replies":[{"embeddable":true,"href":"https:\/\/www.xooloo.com\/fr\/wp-json\/wp\/v2\/comments?post=3495"}],"version-history":[{"count":2,"href":"https:\/\/www.xooloo.com\/fr\/wp-json\/wp\/v2\/pages\/3495\/revisions"}],"predecessor-version":[{"id":3502,"href":"https:\/\/www.xooloo.com\/fr\/wp-json\/wp\/v2\/pages\/3495\/revisions\/3502"}],"up":[{"embeddable":true,"href":"https:\/\/www.xooloo.com\/fr\/wp-json\/wp\/v2\/pages\/3486"}],"wp:attachment":[{"href":"https:\/\/www.xooloo.com\/fr\/wp-json\/wp\/v2\/media?parent=3495"}],"curies":[{"name":"wp","href":"https:\/\/api.w.org\/{rel}","templated":true}]}}