{"id":3493,"date":"2017-09-25T09:14:27","date_gmt":"2017-09-25T07:14:27","guid":{"rendered":"https:\/\/www.xooloo.com\/fr\/?page_id=3493"},"modified":"2018-03-27T17:00:25","modified_gmt":"2018-03-27T15:00:25","slug":"jeux","status":"publish","type":"page","link":"https:\/\/www.xooloo.com\/fr\/stats\/jeux\/","title":{"rendered":"Stats Jeux"},"content":{"rendered":"<div class=\"container mt60px\">\r\n    <div class=\"s-12 m-10 l-10 xl-10 container bgp-stv py30px\">\r\n         <div class=\"s-12 m-12 l-11 xl-10 px8px\">\r\n             <span class=\"stv kuro fs6 firstP\">Un premier point :<\/span>\r\n             <p class=\"mt25px tc pg\">\r\n\r\nLes t\u00e9l\u00e9phones et tablettes de nos enfants sont tellement puissantes par rapport aux consoles portables qui nous faisaient d\u00e9j\u00e0 r\u00eaver&#8230; Sans surprise, les jeux sont pl\u00e9biscit\u00e9s par les ados sur leurs appareils, quasiment autant par les filles que les gar\u00e7ons, surtout pour les plus jeunes. Certains jeux squattent le top du classement sur la dur\u00e9e, d&rsquo;autres y font des passages plus rapides.\r\n\r\n             <\/p>\r\n         <\/div>\r\n    <\/div>\r\n<\/div>\r\n","protected":false},"excerpt":{"rendered":"Un premier point : Les t\u00e9l\u00e9phones et tablettes de nos enfants sont tellement puissantes par rapport aux consoles portables qui nous faisaient d\u00e9j\u00e0 r\u00eaver&#8230; Sans surprise, les jeux sont pl\u00e9biscit\u00e9s par les ados sur leurs appareils, quasiment autant par les filles que les gar\u00e7ons, surtout pour les plus jeunes. Certains jeux squattent le top du [&hellip;]","protected":false},"author":1,"featured_media":0,"parent":3486,"menu_order":0,"comment_status":"closed","ping_status":"closed","template":"page_stats.php","meta":{"footnotes":""},"yoast_head":"<!-- This site is optimized with the Yoast SEO plugin v21.7 - https:\/\/yoast.com\/wordpress\/plugins\/seo\/ -->\n<title>Combien de Temps Passent les Enfants sur les Jeux ? Xooloo Digital Coach<\/title>\n<meta name=\"description\" content=\"Combien de temps imaginez-vous que vos enfants passent \u00e0 jouer sur leur tablette ou leur smartphone ? D\u00e9couvrez les stats des enfants de 8 \u00e0 13 ans.\" \/>\n<meta name=\"robots\" content=\"index, follow, max-snippet:-1, max-image-preview:large, max-video-preview:-1\" \/>\n<link rel=\"canonical\" href=\"https:\/\/www.xooloo.com\/fr\/stats\/jeux\/\" \/>\n<meta property=\"og:locale\" content=\"fr_FR\" \/>\n<meta property=\"og:type\" content=\"article\" \/>\n<meta property=\"og:title\" content=\"Combien de Temps Passent les Enfants sur les Jeux ? Xooloo Digital Coach\" \/>\n<meta property=\"og:description\" content=\"Combien de temps imaginez-vous que vos enfants passent \u00e0 jouer sur leur tablette ou leur smartphone ? D\u00e9couvrez les stats des enfants de 8 \u00e0 13 ans.\" \/>\n<meta property=\"og:url\" content=\"https:\/\/www.xooloo.com\/fr\/stats\/jeux\/\" \/>\n<meta property=\"og:site_name\" content=\"Xooloo\" \/>\n<meta property=\"article:modified_time\" content=\"2018-03-27T15:00:25+00:00\" \/>\n<meta property=\"og:image\" content=\"https:\/\/www.xooloo.com\/fr\/wp-content\/uploads\/2017\/09\/stats-FR.jpeg\" \/>\n<meta name=\"twitter:card\" content=\"summary_large_image\" \/>\n<meta name=\"twitter:title\" content=\"Combien de Temps Passent les Enfants sur les Jeux ? Xooloo Digital Coach\" \/>\n<meta name=\"twitter:description\" content=\"Combien de temps imaginez-vous que vos enfants passent \u00e0 jouer sur leur tablette ou leur smartphone ? D\u00e9couvrez les stats des enfants de 8 \u00e0 13 ans.\" \/>\n<meta name=\"twitter:image\" content=\"https:\/\/www.xooloo.com\/fr\/wp-content\/uploads\/2017\/09\/stats-FR.jpeg\" \/>\n<script type=\"application\/ld+json\" class=\"yoast-schema-graph\">{\"@context\":\"https:\/\/schema.org\",\"@graph\":[{\"@type\":\"WebPage\",\"@id\":\"https:\/\/www.xooloo.com\/fr\/stats\/jeux\/\",\"url\":\"https:\/\/www.xooloo.com\/fr\/stats\/jeux\/\",\"name\":\"Combien de Temps Passent les Enfants sur les Jeux ? Xooloo Digital Coach\",\"isPartOf\":{\"@id\":\"https:\/\/www.xooloo.com\/fr\/#website\"},\"datePublished\":\"2017-09-25T07:14:27+00:00\",\"dateModified\":\"2018-03-27T15:00:25+00:00\",\"description\":\"Combien de temps imaginez-vous que vos enfants passent \u00e0 jouer sur leur tablette ou leur smartphone ? D\u00e9couvrez les stats des enfants de 8 \u00e0 13 ans.\",\"breadcrumb\":{\"@id\":\"https:\/\/www.xooloo.com\/fr\/stats\/jeux\/#breadcrumb\"},\"inLanguage\":\"fr-FR\",\"potentialAction\":[{\"@type\":\"ReadAction\",\"target\":[\"https:\/\/www.xooloo.com\/fr\/stats\/jeux\/\"]}]},{\"@type\":\"BreadcrumbList\",\"@id\":\"https:\/\/www.xooloo.com\/fr\/stats\/jeux\/#breadcrumb\",\"itemListElement\":[{\"@type\":\"ListItem\",\"position\":1,\"name\":\"Stats\",\"item\":\"https:\/\/www.xooloo.com\/fr\/stats\/\"},{\"@type\":\"ListItem\",\"position\":2,\"name\":\"Stats Jeux\"}]},{\"@type\":\"WebSite\",\"@id\":\"https:\/\/www.xooloo.com\/fr\/#website\",\"url\":\"https:\/\/www.xooloo.com\/fr\/\",\"name\":\"Xooloo\",\"description\":\"Xooloo r\u00e9volutionne la vie num\u00e9rique de vos enfants\",\"potentialAction\":[{\"@type\":\"SearchAction\",\"target\":{\"@type\":\"EntryPoint\",\"urlTemplate\":\"https:\/\/www.xooloo.com\/fr\/?s={search_term_string}\"},\"query-input\":\"required name=search_term_string\"}],\"inLanguage\":\"fr-FR\"}]}<\/script>\n<!-- \/ Yoast SEO plugin. -->","yoast_head_json":{"title":"Combien de Temps Passent les Enfants sur les Jeux ? Xooloo Digital Coach","description":"Combien de temps imaginez-vous que vos enfants passent \u00e0 jouer sur leur tablette ou leur smartphone ? D\u00e9couvrez les stats des enfants de 8 \u00e0 13 ans.","robots":{"index":"index","follow":"follow","max-snippet":"max-snippet:-1","max-image-preview":"max-image-preview:large","max-video-preview":"max-video-preview:-1"},"canonical":"https:\/\/www.xooloo.com\/fr\/stats\/jeux\/","og_locale":"fr_FR","og_type":"article","og_title":"Combien de Temps Passent les Enfants sur les Jeux ? Xooloo Digital Coach","og_description":"Combien de temps imaginez-vous que vos enfants passent \u00e0 jouer sur leur tablette ou leur smartphone ? D\u00e9couvrez les stats des enfants de 8 \u00e0 13 ans.","og_url":"https:\/\/www.xooloo.com\/fr\/stats\/jeux\/","og_site_name":"Xooloo","article_modified_time":"2018-03-27T15:00:25+00:00","og_image":[{"url":"https:\/\/www.xooloo.com\/fr\/wp-content\/uploads\/2017\/09\/stats-FR.jpeg"}],"twitter_card":"summary_large_image","twitter_title":"Combien de Temps Passent les Enfants sur les Jeux ? Xooloo Digital Coach","twitter_description":"Combien de temps imaginez-vous que vos enfants passent \u00e0 jouer sur leur tablette ou leur smartphone ? D\u00e9couvrez les stats des enfants de 8 \u00e0 13 ans.","twitter_image":"https:\/\/www.xooloo.com\/fr\/wp-content\/uploads\/2017\/09\/stats-FR.jpeg","schema":{"@context":"https:\/\/schema.org","@graph":[{"@type":"WebPage","@id":"https:\/\/www.xooloo.com\/fr\/stats\/jeux\/","url":"https:\/\/www.xooloo.com\/fr\/stats\/jeux\/","name":"Combien de Temps Passent les Enfants sur les Jeux ? Xooloo Digital Coach","isPartOf":{"@id":"https:\/\/www.xooloo.com\/fr\/#website"},"datePublished":"2017-09-25T07:14:27+00:00","dateModified":"2018-03-27T15:00:25+00:00","description":"Combien de temps imaginez-vous que vos enfants passent \u00e0 jouer sur leur tablette ou leur smartphone ? D\u00e9couvrez les stats des enfants de 8 \u00e0 13 ans.","breadcrumb":{"@id":"https:\/\/www.xooloo.com\/fr\/stats\/jeux\/#breadcrumb"},"inLanguage":"fr-FR","potentialAction":[{"@type":"ReadAction","target":["https:\/\/www.xooloo.com\/fr\/stats\/jeux\/"]}]},{"@type":"BreadcrumbList","@id":"https:\/\/www.xooloo.com\/fr\/stats\/jeux\/#breadcrumb","itemListElement":[{"@type":"ListItem","position":1,"name":"Stats","item":"https:\/\/www.xooloo.com\/fr\/stats\/"},{"@type":"ListItem","position":2,"name":"Stats Jeux"}]},{"@type":"WebSite","@id":"https:\/\/www.xooloo.com\/fr\/#website","url":"https:\/\/www.xooloo.com\/fr\/","name":"Xooloo","description":"Xooloo r\u00e9volutionne la vie num\u00e9rique de vos enfants","potentialAction":[{"@type":"SearchAction","target":{"@type":"EntryPoint","urlTemplate":"https:\/\/www.xooloo.com\/fr\/?s={search_term_string}"},"query-input":"required name=search_term_string"}],"inLanguage":"fr-FR"}]}},"_links":{"self":[{"href":"https:\/\/www.xooloo.com\/fr\/wp-json\/wp\/v2\/pages\/3493"}],"collection":[{"href":"https:\/\/www.xooloo.com\/fr\/wp-json\/wp\/v2\/pages"}],"about":[{"href":"https:\/\/www.xooloo.com\/fr\/wp-json\/wp\/v2\/types\/page"}],"author":[{"embeddable":true,"href":"https:\/\/www.xooloo.com\/fr\/wp-json\/wp\/v2\/users\/1"}],"replies":[{"embeddable":true,"href":"https:\/\/www.xooloo.com\/fr\/wp-json\/wp\/v2\/comments?post=3493"}],"version-history":[{"count":3,"href":"https:\/\/www.xooloo.com\/fr\/wp-json\/wp\/v2\/pages\/3493\/revisions"}],"predecessor-version":[{"id":3499,"href":"https:\/\/www.xooloo.com\/fr\/wp-json\/wp\/v2\/pages\/3493\/revisions\/3499"}],"up":[{"embeddable":true,"href":"https:\/\/www.xooloo.com\/fr\/wp-json\/wp\/v2\/pages\/3486"}],"wp:attachment":[{"href":"https:\/\/www.xooloo.com\/fr\/wp-json\/wp\/v2\/media?parent=3493"}],"curies":[{"name":"wp","href":"https:\/\/api.w.org\/{rel}","templated":true}]}}