{"id":3226,"date":"2016-09-13T11:52:07","date_gmt":"2016-09-13T10:52:07","guid":{"rendered":"https:\/\/www.xooloo.com\/fr\/?page_id=3226"},"modified":"2016-10-04T10:05:52","modified_gmt":"2016-10-04T09:05:52","slug":"invitation","status":"publish","type":"page","link":"https:\/\/www.xooloo.com\/fr\/invitation\/","title":{"rendered":"Campagnes invitations"},"content":{"rendered":"","protected":false},"excerpt":{"rendered":"","protected":false},"author":1,"featured_media":0,"parent":0,"menu_order":0,"comment_status":"closed","ping_status":"closed","template":"campaigns\/campaigns.php","meta":{"footnotes":""},"yoast_head":"<!-- This site is optimized with the Yoast SEO plugin v21.7 - https:\/\/yoast.com\/wordpress\/plugins\/seo\/ -->\n<title>Offre sp\u00e9ciale : Invitation pour g\u00e9rer la vie num\u00e9rique de vos enfants<\/title>\n<meta name=\"description\" content=\"Les solutions de contr\u00f4le parental sont trop restrictives et d\u00e9t\u00e9riore l\u2019exp\u00e9rience num\u00e9rique des enfants, Xooloo a donc tout r\u00e9invent\u00e9 !\" \/>\n<meta name=\"robots\" content=\"noindex, follow\" \/>\n<meta property=\"og:locale\" content=\"fr_FR\" \/>\n<meta property=\"og:type\" content=\"article\" \/>\n<meta property=\"og:title\" content=\"Offre sp\u00e9ciale : Invitation pour g\u00e9rer la vie num\u00e9rique de vos enfants\" \/>\n<meta property=\"og:description\" content=\"Les solutions de contr\u00f4le parental sont trop restrictives et d\u00e9t\u00e9riore l\u2019exp\u00e9rience num\u00e9rique des enfants, Xooloo a donc tout r\u00e9invent\u00e9 !\" \/>\n<meta property=\"og:url\" content=\"https:\/\/www.xooloo.com\/fr\/invitation\/\" \/>\n<meta property=\"og:site_name\" content=\"Xooloo\" \/>\n<meta property=\"article:modified_time\" content=\"2016-10-04T09:05:52+00:00\" \/>\n<meta property=\"og:image\" content=\"https:\/\/www.xooloo.com\/wp-content\/themes\/xooloo-v3\/img\/dc\/photos\/top-tablet.jpg\" \/>\n<meta name=\"twitter:card\" content=\"summary_large_image\" \/>\n<meta name=\"twitter:title\" content=\"Offre sp\u00e9ciale : Invitation pour g\u00e9rer la vie num\u00e9rique de vos enfants\" \/>\n<meta name=\"twitter:description\" content=\"Les solutions de contr\u00f4le parental sont trop restrictives et d\u00e9t\u00e9riore l\u2019exp\u00e9rience num\u00e9rique des enfants, Xooloo a donc tout r\u00e9invent\u00e9 !\" \/>\n<meta name=\"twitter:image\" content=\"https:\/\/www.xooloo.com\/wp-content\/themes\/xooloo-v3\/img\/dc\/photos\/top-tablet.jpg\" \/>\n<script type=\"application\/ld+json\" class=\"yoast-schema-graph\">{\"@context\":\"https:\/\/schema.org\",\"@graph\":[{\"@type\":\"WebPage\",\"@id\":\"https:\/\/www.xooloo.com\/fr\/invitation\/\",\"url\":\"https:\/\/www.xooloo.com\/fr\/invitation\/\",\"name\":\"Offre sp\u00e9ciale : Invitation pour g\u00e9rer la vie num\u00e9rique de vos enfants\",\"isPartOf\":{\"@id\":\"https:\/\/www.xooloo.com\/fr\/#website\"},\"datePublished\":\"2016-09-13T10:52:07+00:00\",\"dateModified\":\"2016-10-04T09:05:52+00:00\",\"description\":\"Les solutions de contr\u00f4le parental sont trop restrictives et d\u00e9t\u00e9riore l\u2019exp\u00e9rience num\u00e9rique des enfants, Xooloo a donc tout r\u00e9invent\u00e9 !\",\"inLanguage\":\"fr-FR\",\"potentialAction\":[{\"@type\":\"ReadAction\",\"target\":[\"https:\/\/www.xooloo.com\/fr\/invitation\/\"]}]},{\"@type\":\"WebSite\",\"@id\":\"https:\/\/www.xooloo.com\/fr\/#website\",\"url\":\"https:\/\/www.xooloo.com\/fr\/\",\"name\":\"Xooloo\",\"description\":\"Xooloo r\u00e9volutionne la vie num\u00e9rique de vos enfants\",\"potentialAction\":[{\"@type\":\"SearchAction\",\"target\":{\"@type\":\"EntryPoint\",\"urlTemplate\":\"https:\/\/www.xooloo.com\/fr\/?s={search_term_string}\"},\"query-input\":\"required name=search_term_string\"}],\"inLanguage\":\"fr-FR\"}]}<\/script>\n<!-- \/ Yoast SEO plugin. -->","yoast_head_json":{"title":"Offre sp\u00e9ciale : Invitation pour g\u00e9rer la vie num\u00e9rique de vos enfants","description":"Les solutions de contr\u00f4le parental sont trop restrictives et d\u00e9t\u00e9riore l\u2019exp\u00e9rience num\u00e9rique des enfants, Xooloo a donc tout r\u00e9invent\u00e9 !","robots":{"index":"noindex","follow":"follow"},"og_locale":"fr_FR","og_type":"article","og_title":"Offre sp\u00e9ciale : Invitation pour g\u00e9rer la vie num\u00e9rique de vos enfants","og_description":"Les solutions de contr\u00f4le parental sont trop restrictives et d\u00e9t\u00e9riore l\u2019exp\u00e9rience num\u00e9rique des enfants, Xooloo a donc tout r\u00e9invent\u00e9 !","og_url":"https:\/\/www.xooloo.com\/fr\/invitation\/","og_site_name":"Xooloo","article_modified_time":"2016-10-04T09:05:52+00:00","og_image":[{"url":"https:\/\/www.xooloo.com\/wp-content\/themes\/xooloo-v3\/img\/dc\/photos\/top-tablet.jpg"}],"twitter_card":"summary_large_image","twitter_title":"Offre sp\u00e9ciale : Invitation pour g\u00e9rer la vie num\u00e9rique de vos enfants","twitter_description":"Les solutions de contr\u00f4le parental sont trop restrictives et d\u00e9t\u00e9riore l\u2019exp\u00e9rience num\u00e9rique des enfants, Xooloo a donc tout r\u00e9invent\u00e9 !","twitter_image":"https:\/\/www.xooloo.com\/wp-content\/themes\/xooloo-v3\/img\/dc\/photos\/top-tablet.jpg","schema":{"@context":"https:\/\/schema.org","@graph":[{"@type":"WebPage","@id":"https:\/\/www.xooloo.com\/fr\/invitation\/","url":"https:\/\/www.xooloo.com\/fr\/invitation\/","name":"Offre sp\u00e9ciale : Invitation pour g\u00e9rer la vie num\u00e9rique de vos enfants","isPartOf":{"@id":"https:\/\/www.xooloo.com\/fr\/#website"},"datePublished":"2016-09-13T10:52:07+00:00","dateModified":"2016-10-04T09:05:52+00:00","description":"Les solutions de contr\u00f4le parental sont trop restrictives et d\u00e9t\u00e9riore l\u2019exp\u00e9rience num\u00e9rique des enfants, Xooloo a donc tout r\u00e9invent\u00e9 !","inLanguage":"fr-FR","potentialAction":[{"@type":"ReadAction","target":["https:\/\/www.xooloo.com\/fr\/invitation\/"]}]},{"@type":"WebSite","@id":"https:\/\/www.xooloo.com\/fr\/#website","url":"https:\/\/www.xooloo.com\/fr\/","name":"Xooloo","description":"Xooloo r\u00e9volutionne la vie num\u00e9rique de vos enfants","potentialAction":[{"@type":"SearchAction","target":{"@type":"EntryPoint","urlTemplate":"https:\/\/www.xooloo.com\/fr\/?s={search_term_string}"},"query-input":"required name=search_term_string"}],"inLanguage":"fr-FR"}]}},"_links":{"self":[{"href":"https:\/\/www.xooloo.com\/fr\/wp-json\/wp\/v2\/pages\/3226"}],"collection":[{"href":"https:\/\/www.xooloo.com\/fr\/wp-json\/wp\/v2\/pages"}],"about":[{"href":"https:\/\/www.xooloo.com\/fr\/wp-json\/wp\/v2\/types\/page"}],"author":[{"embeddable":true,"href":"https:\/\/www.xooloo.com\/fr\/wp-json\/wp\/v2\/users\/1"}],"replies":[{"embeddable":true,"href":"https:\/\/www.xooloo.com\/fr\/wp-json\/wp\/v2\/comments?post=3226"}],"version-history":[{"count":1,"href":"https:\/\/www.xooloo.com\/fr\/wp-json\/wp\/v2\/pages\/3226\/revisions"}],"predecessor-version":[{"id":3227,"href":"https:\/\/www.xooloo.com\/fr\/wp-json\/wp\/v2\/pages\/3226\/revisions\/3227"}],"wp:attachment":[{"href":"https:\/\/www.xooloo.com\/fr\/wp-json\/wp\/v2\/media?parent=3226"}],"curies":[{"name":"wp","href":"https:\/\/api.w.org\/{rel}","templated":true}]}}