{"id":2758,"date":"2016-03-01T11:09:00","date_gmt":"2016-03-01T10:09:00","guid":{"rendered":"https:\/\/www.xooloo.com\/fr\/?page_id=2758"},"modified":"2016-03-01T16:38:18","modified_gmt":"2016-03-01T15:38:18","slug":"deblocage","status":"publish","type":"page","link":"https:\/\/www.xooloo.com\/fr\/deblocage\/","title":{"rendered":"Faire une demande de d\u00e9blocage"},"content":{"rendered":"\t\t\t\t<p class=\"t4-sub pg\">\r\n\t\t\t\t\tVous souhaitez effectuer une demande de d\u00e9blocage ?<br>\r\n\t\t\t\t\tVeuillez nous indiquer l&rsquo;adresse internet du site que vous souhaiteriez voir d\u00e9bloqu\u00e9.\r\n\t\t\t\t<\/p>\r\n\t\t\t\t<form action=\"\/fr\/wp-json\/wp\/v2\/pages\/2758\" method=\"post\" class=\"form\">\r\n\r\n\t\t\t\t\t<p class=\"s-12 m-12 l-12 xl-12\">\r\n\t\t\t\t\t\t<label for=\"URL\" class=\"s-0 m-0 l-0 xl-0\">Adresse internet<\/label>\r\n\t\t\t\t\t\t<input type=\"text\"\r\n\t\t\t\t\t\t\t   id=\"URL\"\r\n\t\t\t\t\t\t\t   name=\"URL\"\r\n\t\t\t\t\t\t\t   class=\"input-style s-12 m-12 l-12 xl-12\"\r\n\t\t\t\t\t\t\t   required\r\n\t\t\t\t\t\t\t   value=\"\"\r\n\t\t\t\t\t\t\t   placeholder=\"Adresse internet\"\r\n\t\t\t\t\t\t\t   oninvalid=\"setCustomValidity('Quel est l\\'adresse internet du site que vous souhaiteriez voir d\u00e9bloqu\u00e9 ?')\"\r\n\t\t\t\t\t\t\t   oninput=\"setCustomValidity('')\" \/>\r\n\t\t\t\t\t<\/p>\r\n\r\n\t\t\t\t\t<p class=\"t4-sub pg\">Si vous souhaitez \u00eatre inform\u00e9 du traitement de votre demande de d\u00e9blocage, veuillez nous indiquer votre e-mail.<\/p>\r\n\r\n\t\t\t\t\t<p class=\"s-12 m-12 l-12 xl-12\">\r\n\t\t\t\t\t\t<label for=\"email\" class=\"s-0 m-0 l-0 xl-0\">Votre adresse e-mail\u00a0:<\/label>\r\n\t\t\t\t\t\t<input type=\"email\"\r\n\t\t\t\t\t\t\t   id=\"email\"\r\n\t\t\t\t\t\t\t   name=\"email\"\r\n\t\t\t\t\t\t\t   class=\"input-style s-12 m-12 l-12 xl-12\"\r\n\t\t\t\t\t\t\t   placeholder=\"Votre adresse e-mail\"\/>\r\n\t\t\t\t\t<\/p>\r\n\t\t\t\t\t<p class=\"p alleft\">\r\n\t\t\t\t\t\t<input type=\"hidden\" name=\"language\" value=\"fr\">\r\n\t\t\t\t\t\t<button type=\"submit\" class=\"button-style medium button-theme-1 primary\">Envoyer<\/button>\r\n\t\t\t\t\t<\/p>\r\n\t\t\t\t<\/form>","protected":false},"excerpt":{"rendered":"Vous souhaitez effectuer une demande de d\u00e9blocage ? Veuillez nous indiquer l&rsquo;adresse internet du site que vous souhaiteriez voir d\u00e9bloqu\u00e9. Adresse internet Si vous souhaitez \u00eatre inform\u00e9 du traitement de votre demande de d\u00e9blocage, veuillez nous indiquer votre e-mail. Votre adresse e-mail\u00a0: Envoyer","protected":false},"author":1,"featured_media":0,"parent":0,"menu_order":0,"comment_status":"closed","ping_status":"closed","template":"page_deblocage.php","meta":{"footnotes":""},"yoast_head":"<!-- This site is optimized with the Yoast SEO plugin v21.7 - https:\/\/yoast.com\/wordpress\/plugins\/seo\/ -->\n<title>Faire une demande de d\u00e9blocage - Xooloo<\/title>\n<meta name=\"description\" content=\"Vous souhaitez voir un site d\u00e9bloqu\u00e9 par nos syst\u00e8mes. Faites une demande de d\u00e9blocage par ici.\" \/>\n<meta name=\"robots\" content=\"index, follow, max-snippet:-1, max-image-preview:large, max-video-preview:-1\" \/>\n<link rel=\"canonical\" href=\"https:\/\/www.xooloo.com\/fr\/deblocage\/\" \/>\n<meta property=\"og:locale\" content=\"fr_FR\" \/>\n<meta property=\"og:type\" content=\"article\" \/>\n<meta property=\"og:title\" content=\"Faire une demande de d\u00e9blocage - Xooloo\" \/>\n<meta property=\"og:description\" content=\"Vous souhaitez voir un site d\u00e9bloqu\u00e9 par nos syst\u00e8mes. Faites une demande de d\u00e9blocage par ici.\" \/>\n<meta property=\"og:url\" content=\"https:\/\/www.xooloo.com\/fr\/deblocage\/\" \/>\n<meta property=\"og:site_name\" content=\"Xooloo\" \/>\n<meta property=\"article:modified_time\" content=\"2016-03-01T15:38:18+00:00\" \/>\n<meta name=\"twitter:card\" content=\"summary_large_image\" \/>\n<script type=\"application\/ld+json\" class=\"yoast-schema-graph\">{\"@context\":\"https:\/\/schema.org\",\"@graph\":[{\"@type\":\"WebPage\",\"@id\":\"https:\/\/www.xooloo.com\/fr\/deblocage\/\",\"url\":\"https:\/\/www.xooloo.com\/fr\/deblocage\/\",\"name\":\"Faire une demande de d\u00e9blocage - Xooloo\",\"isPartOf\":{\"@id\":\"https:\/\/www.xooloo.com\/fr\/#website\"},\"datePublished\":\"2016-03-01T10:09:00+00:00\",\"dateModified\":\"2016-03-01T15:38:18+00:00\",\"description\":\"Vous souhaitez voir un site d\u00e9bloqu\u00e9 par nos syst\u00e8mes. Faites une demande de d\u00e9blocage par ici.\",\"inLanguage\":\"fr-FR\",\"potentialAction\":[{\"@type\":\"ReadAction\",\"target\":[\"https:\/\/www.xooloo.com\/fr\/deblocage\/\"]}]},{\"@type\":\"WebSite\",\"@id\":\"https:\/\/www.xooloo.com\/fr\/#website\",\"url\":\"https:\/\/www.xooloo.com\/fr\/\",\"name\":\"Xooloo\",\"description\":\"Xooloo r\u00e9volutionne la vie num\u00e9rique de vos enfants\",\"potentialAction\":[{\"@type\":\"SearchAction\",\"target\":{\"@type\":\"EntryPoint\",\"urlTemplate\":\"https:\/\/www.xooloo.com\/fr\/?s={search_term_string}\"},\"query-input\":\"required name=search_term_string\"}],\"inLanguage\":\"fr-FR\"}]}<\/script>\n<!-- \/ Yoast SEO plugin. -->","yoast_head_json":{"title":"Faire une demande de d\u00e9blocage - Xooloo","description":"Vous souhaitez voir un site d\u00e9bloqu\u00e9 par nos syst\u00e8mes. Faites une demande de d\u00e9blocage par ici.","robots":{"index":"index","follow":"follow","max-snippet":"max-snippet:-1","max-image-preview":"max-image-preview:large","max-video-preview":"max-video-preview:-1"},"canonical":"https:\/\/www.xooloo.com\/fr\/deblocage\/","og_locale":"fr_FR","og_type":"article","og_title":"Faire une demande de d\u00e9blocage - Xooloo","og_description":"Vous souhaitez voir un site d\u00e9bloqu\u00e9 par nos syst\u00e8mes. Faites une demande de d\u00e9blocage par ici.","og_url":"https:\/\/www.xooloo.com\/fr\/deblocage\/","og_site_name":"Xooloo","article_modified_time":"2016-03-01T15:38:18+00:00","twitter_card":"summary_large_image","schema":{"@context":"https:\/\/schema.org","@graph":[{"@type":"WebPage","@id":"https:\/\/www.xooloo.com\/fr\/deblocage\/","url":"https:\/\/www.xooloo.com\/fr\/deblocage\/","name":"Faire une demande de d\u00e9blocage - Xooloo","isPartOf":{"@id":"https:\/\/www.xooloo.com\/fr\/#website"},"datePublished":"2016-03-01T10:09:00+00:00","dateModified":"2016-03-01T15:38:18+00:00","description":"Vous souhaitez voir un site d\u00e9bloqu\u00e9 par nos syst\u00e8mes. Faites une demande de d\u00e9blocage par ici.","inLanguage":"fr-FR","potentialAction":[{"@type":"ReadAction","target":["https:\/\/www.xooloo.com\/fr\/deblocage\/"]}]},{"@type":"WebSite","@id":"https:\/\/www.xooloo.com\/fr\/#website","url":"https:\/\/www.xooloo.com\/fr\/","name":"Xooloo","description":"Xooloo r\u00e9volutionne la vie num\u00e9rique de vos enfants","potentialAction":[{"@type":"SearchAction","target":{"@type":"EntryPoint","urlTemplate":"https:\/\/www.xooloo.com\/fr\/?s={search_term_string}"},"query-input":"required name=search_term_string"}],"inLanguage":"fr-FR"}]}},"_links":{"self":[{"href":"https:\/\/www.xooloo.com\/fr\/wp-json\/wp\/v2\/pages\/2758"}],"collection":[{"href":"https:\/\/www.xooloo.com\/fr\/wp-json\/wp\/v2\/pages"}],"about":[{"href":"https:\/\/www.xooloo.com\/fr\/wp-json\/wp\/v2\/types\/page"}],"author":[{"embeddable":true,"href":"https:\/\/www.xooloo.com\/fr\/wp-json\/wp\/v2\/users\/1"}],"replies":[{"embeddable":true,"href":"https:\/\/www.xooloo.com\/fr\/wp-json\/wp\/v2\/comments?post=2758"}],"version-history":[{"count":4,"href":"https:\/\/www.xooloo.com\/fr\/wp-json\/wp\/v2\/pages\/2758\/revisions"}],"predecessor-version":[{"id":2763,"href":"https:\/\/www.xooloo.com\/fr\/wp-json\/wp\/v2\/pages\/2758\/revisions\/2763"}],"wp:attachment":[{"href":"https:\/\/www.xooloo.com\/fr\/wp-json\/wp\/v2\/media?parent=2758"}],"curies":[{"name":"wp","href":"https:\/\/api.w.org\/{rel}","templated":true}]}}