{"id":2643,"date":"2015-12-17T11:31:25","date_gmt":"2015-12-17T10:31:25","guid":{"rendered":"https:\/\/www.xooloo.com\/fr\/?page_id=2643"},"modified":"2018-03-13T12:56:06","modified_gmt":"2018-03-13T11:56:06","slug":"installer","status":"publish","type":"page","link":"https:\/\/www.xooloo.com\/fr\/installer\/","title":{"rendered":"Installer"},"content":{"rendered":"<section id=\"top\" class=\"page-type-2\" role=\"main\">\r\n\t<header class=\"page-header-bar\"><\/header>\r\n\t<div class=\"wrap padding-side clearfix mt80px\">\r\n\r\n\t\t<section class=\"page-contenu page-install\" role=\"main\">\r\n\t\t\t\r\n\t\t\t<h1 class=\"fs2 kuro color-title alcenter install_title\">\r\n\t\t\t\tD\u00e9couvrez les produits Xooloo<br> T\u00e9l\u00e9chargez et essayez gratuitement !\r\n\t\t\t<\/h1>\r\n\r\n\t\t\t<section class=\"clearfix\">\r\n\t\t\t\t<div class=\"column xl-4 l-4 m-12 s-12 xl-left-np l-left-np m-left-np m-right-np s-left-np s-right-np\">\r\n\t\t\t\t\t<article class=\"install_app install_xdc\">\r\n\t\t\t\t\t\t<header class=\"install_img install_xdc_img\">\r\n\t\t\t\t\t\t\t<h2 class=\"t3 alcenter install_block_name\">Xooloo Digital Coach<\/h2>\r\n\t\t\t\t\t\t<\/header>\r\n\t\t\t\t\t\t<div class=\"install_block_content clearfix alcenter\">\r\n\t\t\t\t\t\t\t<div class=\"t3 alcenter install_block_name xl-0 l-0\">Xooloo Digital Coach<\/div>\r\n\t\t\t\t\t\t\t<i class=\"icn icn-xdc-40 bigicn bigicn-xdc-40\"><\/i>\r\n\t\t\t\t\t\t\t<h3 class=\"t4 install_content_title\">Pour les ados<\/h3>\r\n\t\t\t\t\t\t\t<p class=\"t4-sub install_content_subtitle\">Faites de vos enfants des citoyens num\u00e9riques responsables<\/p>\r\n\t\t\t\t\t\t\t<div class=\"install_block_content_btn\">\r\n\t\t\t\t\t\t\t\t<button class=\"button-style medium popup-dl alleft button-theme-2 secondary-xdc\"\r\n\t\t\t\t\t\t\t\t\tdata-app=\"xdc\"\r\n\t\t\t\t\t\t\t\t\tdata-from=\"dl-page\"\r\n\t\t\t\t\t\t\t\t\tdata-first-step=\"2\">\r\n\t\t\t\t\t\t\t\t\t<i class=\"s-0 download bigdownload left download-dl-white bigdownload-dl-white\"><\/i>\r\n<i class=\"xl-0 l-0 m-0 download left download-dl-white\"><\/i>\r\n\t\t\t\t\t\t\t\t\t<span class=\"left alleft\">\r\n\t\t\t\t\t\t\t\t\t\t<span class=\"button_main\">T\u00e9l\u00e9charger<\/span><br>\r\n\t\t\t\t\t\t\t\t\t\t<span class=\"italic f500 fs10\">PC, Mac, Android &#038; iOS<\/span>\r\n\t\t\t\t\t\t\t\t\t<\/span>\r\n\t\t\t\t\t\t\t\t<\/button>\r\n\t\t\t\t\t\t\t<\/div>\r\n\t\t\t\t\t\t<\/div>\r\n\t\t\t\t\t<\/article>\r\n\t\t\t\t<\/div>\r\n\t\t\t\t<div class=\"column xl-4 l-4 m-12 s-12 m-left-np m-right-np s-left-np s-right-np\">\r\n\t\t\t\t\t<article class=\"install_app install_xr\">\r\n\t\t\t\t\t\t<header class=\"install_img install_xr_img\">\r\n\t\t\t\t\t\t\t<h2 class=\"t3 alcenter install_block_name\">Xooloo Parents<\/h2>\r\n\t\t\t\t\t\t<\/header>\r\n\t\t\t\t\t\t<div class=\"install_block_content clearfix alcenter\">\r\n\t\t\t\t\t\t\t<div class=\"t3 alcenter install_block_name xl-0 l-0\">Xooloo Parents<\/div>\r\n\t\t\t\t\t\t\t<i class=\"icn icn-xr-40 bigicn bigicn-xr-40\"><\/i>\r\n\t\t\t\t\t\t\t<h3 class=\"t4 install_content_title\">Pour les parents<\/h3>\r\n\t\t\t\t\t\t\t<p class=\"t4-sub install_content_subtitle\">L&rsquo;app pour cr\u00e9er votre compte parent et g\u00e9rer Xooloo Digital Coach \u00e0 distance<\/p>\r\n\t\t\t\t\t\t\t<div class=\"install_block_content_btn\">\r\n\t\t\t\t\t\t\t\t<a href=\"https:\/\/parents.xooloo.com\" target=\"_blank\" class=\"dib clearfix button-style medium button-theme-2 secondary-xr\">\r\n\t\t\t\t\t\t\t\t\t<i class=\"s-0 download bigdownload left download-web-white bigdownload-web-white\"><\/i>\r\n<i class=\"xl-0 l-0 m-0 download left download-web-white\"><\/i>\r\n\t\t\t\t\t\t\t\t\t<span class=\"left alleft\">\r\n\t\t\t\t\t\t\t\t\t\t<span class=\"button_main\">Se connecter<\/span><br>\r\n\t\t\t\t\t\t\t\t\t\t<span class=\"italic f500 t4-sub\">\u00e0 la version Web<\/span>\r\n\t\t\t\t\t\t\t\t\t<\/span>\r\n\t\t\t\t\t\t\t\t<\/a>\r\n\t\t\t\t\t\t\t<\/div>\r\n\t\t\t\t\t\t\t<div class=\"install_block_content_btn\">\r\n\t\t\t\t\t\t\t\t<button class=\"button-style medium popup-dl alleft primary button-theme-3 install_btn_aside black\"\r\n\t\t\t\t\t\t\t\t\tdata-app=\"xr\"\r\n\t\t\t\t\t\t\t\t\tdata-from=\"dl-page\"\r\n\t\t\t\t\t\t\t\t\tdata-first-step=\"2\">\r\n\t\t\t\t\t\t\t\t\t\t<i class=\"s-0 download bigdownload left download-dl-black bigdownload-dl-black\"><\/i>\r\n<i class=\"xl-0 l-0 m-0 download left download-dl-white\"><\/i>\r\n\t\t\t\t\t\t\t\t\t\t<span class=\"left alleft\">\r\n\t\t\t\t\t\t\t\t\t\t\t<span class=\"button_main\">T\u00e9l\u00e9charger<\/span><br>\r\n\t\t\t\t\t\t\t\t\t\t\t<span class=\"italic f500 t4-sub\">Android et iOS<\/span>\r\n\t\t\t\t\t\t\t\t\t\t<\/span>\r\n\t\t\t\t\t\t\t\t<\/button>\r\n\t\t\t\t\t\t\t<\/div>\r\n\t\t\t\t\t\t\t\r\n\t\t\t\t\t\t<\/div>\r\n\t\t\t\t\t<\/article>\r\n\t\t\t\t<\/div>\r\n\t\t\t\t<div class=\"column xl-4 l-4 m-12 s-12 xl-right-np l-right-np m-left-np m-right-np s-left-np s-right-np\">\r\n\t\t\t\t\t<article class=\"install_app install_xak\">\r\n\t\t\t\t\t\t<header class=\"install_img install_xak_img\">\r\n\t\t\t\t\t\t\t<h2 class=\"t3 alcenter install_block_name\">Xooloo App Kids<\/h2>\r\n\t\t\t\t\t\t<\/header>\r\n\t\t\t\t\t\t<div class=\"install_block_content clearfix alcenter\">\r\n\r\n\t\t\t\t\t\t\t<div class=\"t3 alcenter install_block_name xl-0 l-0\">Xooloo App Kids<\/div>\r\n\t\t\t\t\t\t\t<i class=\"icn icn-xak-40 bigicn bigicn-xak-40\"><\/i>\r\n\t\t\t\t\t\t\t<h3 class=\"t4 install_content_title\">Pour les jeunes enfants<\/h3>\r\n\t\t\t\t\t\t\t<p class=\"t4-sub install_content_subtitle\">Un portail d&rsquo;application adapt\u00e9es et une navigation s\u00e9curis\u00e9e sur vos appareils<\/p>\r\n\r\n\t\t\t\t\t\t\t<div class=\"install_block_content_btn\">\r\n\t\t\t\t\t\t\t\t<button class=\"button-style medium popup-dl alleft button-theme-3 primary install_btn_aside black\"\r\n\t\t\t\t\t\t\t\t\tdata-app=\"xak\"\r\n\t\t\t\t\t\t\t\t\tdata-from=\"dl-page\"\r\n\t\t\t\t\t\t\t\t\tdata-first-step=\"2\">\r\n\t\t\t\t\t\t\t\t\t<i class=\"s-0 download bigdownload left download-dl-black bigdownload-dl-black\"><\/i>\r\n<i class=\"xl-0 l-0 m-0 download left download-dl-white\"><\/i>\r\n\t\t\t\t\t\t\t\t\t<span class=\"left alleft\">\r\n\t\t\t\t\t\t\t\t\t\t<span class=\"button_main\">T\u00e9l\u00e9charger<\/span><br>\r\n\t\t\t\t\t\t\t\t\t\t<span class=\"italic f500 t4-sub\">pour Android<\/span>\r\n\t\t\t\t\t\t\t\t\t<\/span>\r\n\t\t\t\t\t\t\t\t<\/button>\r\n\t\t\t\t\t\t\t<\/div>\r\n\t\t\t\t\t\t<\/div>\r\n\t\t\t\t\t<\/article>\r\n\t\t\t\t<\/div>\r\n\r\n\t\t\t<\/section>\r\n\r\n\t\t<\/section>\r\n\r\n\t<\/div>\r\n\r\n<\/section>","protected":false},"excerpt":{"rendered":"D\u00e9couvrez les produits Xooloo T\u00e9l\u00e9chargez et essayez gratuitement ! Xooloo Digital Coach Xooloo Digital Coach Pour les ados Faites de vos enfants des citoyens num\u00e9riques responsables T\u00e9l\u00e9charger PC, Mac, Android &#038; iOS Xooloo Parents Xooloo Parents Pour les parents L&rsquo;app pour cr\u00e9er votre compte parent et g\u00e9rer Xooloo Digital Coach \u00e0 distance Se connecter \u00e0 [&hellip;]","protected":false},"author":1,"featured_media":0,"parent":0,"menu_order":0,"comment_status":"closed","ping_status":"closed","template":"page_v3.php","meta":{"footnotes":""},"yoast_head":"<!-- This site is optimized with the Yoast SEO plugin v21.7 - https:\/\/yoast.com\/wordpress\/plugins\/seo\/ -->\n<title>Installer toutes les applications du Pack Famille Xooloo<\/title>\n<meta name=\"description\" content=\"C&#039;est le moment d&#039;installer toutes les applications du Pack Famille Xooloo et de profiter de ses applications Xooloo App Kids, Xooloo Digital Coach et la T\u00e9l\u00e9commande parent.\" \/>\n<meta name=\"robots\" content=\"index, follow, max-snippet:-1, max-image-preview:large, max-video-preview:-1\" \/>\n<link rel=\"canonical\" href=\"https:\/\/www.xooloo.com\/fr\/installer\/\" \/>\n<meta property=\"og:locale\" content=\"fr_FR\" \/>\n<meta property=\"og:type\" content=\"article\" \/>\n<meta property=\"og:title\" content=\"Installer toutes les applications du Pack Famille Xooloo\" \/>\n<meta property=\"og:description\" content=\"C&#039;est le moment d&#039;installer toutes les applications du Pack Famille Xooloo et de profiter de ses applications Xooloo App Kids, Xooloo Digital Coach et la T\u00e9l\u00e9commande parent.\" \/>\n<meta property=\"og:url\" content=\"https:\/\/www.xooloo.com\/fr\/installer\/\" \/>\n<meta property=\"og:site_name\" content=\"Xooloo\" \/>\n<meta property=\"article:modified_time\" content=\"2018-03-13T11:56:06+00:00\" \/>\n<meta name=\"twitter:card\" content=\"summary_large_image\" \/>\n<script type=\"application\/ld+json\" class=\"yoast-schema-graph\">{\"@context\":\"https:\/\/schema.org\",\"@graph\":[{\"@type\":\"WebPage\",\"@id\":\"https:\/\/www.xooloo.com\/fr\/installer\/\",\"url\":\"https:\/\/www.xooloo.com\/fr\/installer\/\",\"name\":\"Installer toutes les applications du Pack Famille Xooloo\",\"isPartOf\":{\"@id\":\"https:\/\/www.xooloo.com\/fr\/#website\"},\"datePublished\":\"2015-12-17T10:31:25+00:00\",\"dateModified\":\"2018-03-13T11:56:06+00:00\",\"description\":\"C'est le moment d'installer toutes les applications du Pack Famille Xooloo et de profiter de ses applications Xooloo App Kids, Xooloo Digital Coach et la T\u00e9l\u00e9commande parent.\",\"inLanguage\":\"fr-FR\",\"potentialAction\":[{\"@type\":\"ReadAction\",\"target\":[\"https:\/\/www.xooloo.com\/fr\/installer\/\"]}]},{\"@type\":\"WebSite\",\"@id\":\"https:\/\/www.xooloo.com\/fr\/#website\",\"url\":\"https:\/\/www.xooloo.com\/fr\/\",\"name\":\"Xooloo\",\"description\":\"Xooloo r\u00e9volutionne la vie num\u00e9rique de vos enfants\",\"potentialAction\":[{\"@type\":\"SearchAction\",\"target\":{\"@type\":\"EntryPoint\",\"urlTemplate\":\"https:\/\/www.xooloo.com\/fr\/?s={search_term_string}\"},\"query-input\":\"required name=search_term_string\"}],\"inLanguage\":\"fr-FR\"}]}<\/script>\n<!-- \/ Yoast SEO plugin. -->","yoast_head_json":{"title":"Installer toutes les applications du Pack Famille Xooloo","description":"C'est le moment d'installer toutes les applications du Pack Famille Xooloo et de profiter de ses applications Xooloo App Kids, Xooloo Digital Coach et la T\u00e9l\u00e9commande parent.","robots":{"index":"index","follow":"follow","max-snippet":"max-snippet:-1","max-image-preview":"max-image-preview:large","max-video-preview":"max-video-preview:-1"},"canonical":"https:\/\/www.xooloo.com\/fr\/installer\/","og_locale":"fr_FR","og_type":"article","og_title":"Installer toutes les applications du Pack Famille Xooloo","og_description":"C'est le moment d'installer toutes les applications du Pack Famille Xooloo et de profiter de ses applications Xooloo App Kids, Xooloo Digital Coach et la T\u00e9l\u00e9commande parent.","og_url":"https:\/\/www.xooloo.com\/fr\/installer\/","og_site_name":"Xooloo","article_modified_time":"2018-03-13T11:56:06+00:00","twitter_card":"summary_large_image","schema":{"@context":"https:\/\/schema.org","@graph":[{"@type":"WebPage","@id":"https:\/\/www.xooloo.com\/fr\/installer\/","url":"https:\/\/www.xooloo.com\/fr\/installer\/","name":"Installer toutes les applications du Pack Famille Xooloo","isPartOf":{"@id":"https:\/\/www.xooloo.com\/fr\/#website"},"datePublished":"2015-12-17T10:31:25+00:00","dateModified":"2018-03-13T11:56:06+00:00","description":"C'est le moment d'installer toutes les applications du Pack Famille Xooloo et de profiter de ses applications Xooloo App Kids, Xooloo Digital Coach et la T\u00e9l\u00e9commande parent.","inLanguage":"fr-FR","potentialAction":[{"@type":"ReadAction","target":["https:\/\/www.xooloo.com\/fr\/installer\/"]}]},{"@type":"WebSite","@id":"https:\/\/www.xooloo.com\/fr\/#website","url":"https:\/\/www.xooloo.com\/fr\/","name":"Xooloo","description":"Xooloo r\u00e9volutionne la vie num\u00e9rique de vos enfants","potentialAction":[{"@type":"SearchAction","target":{"@type":"EntryPoint","urlTemplate":"https:\/\/www.xooloo.com\/fr\/?s={search_term_string}"},"query-input":"required name=search_term_string"}],"inLanguage":"fr-FR"}]}},"_links":{"self":[{"href":"https:\/\/www.xooloo.com\/fr\/wp-json\/wp\/v2\/pages\/2643"}],"collection":[{"href":"https:\/\/www.xooloo.com\/fr\/wp-json\/wp\/v2\/pages"}],"about":[{"href":"https:\/\/www.xooloo.com\/fr\/wp-json\/wp\/v2\/types\/page"}],"author":[{"embeddable":true,"href":"https:\/\/www.xooloo.com\/fr\/wp-json\/wp\/v2\/users\/1"}],"replies":[{"embeddable":true,"href":"https:\/\/www.xooloo.com\/fr\/wp-json\/wp\/v2\/comments?post=2643"}],"version-history":[{"count":3,"href":"https:\/\/www.xooloo.com\/fr\/wp-json\/wp\/v2\/pages\/2643\/revisions"}],"predecessor-version":[{"id":3796,"href":"https:\/\/www.xooloo.com\/fr\/wp-json\/wp\/v2\/pages\/2643\/revisions\/3796"}],"wp:attachment":[{"href":"https:\/\/www.xooloo.com\/fr\/wp-json\/wp\/v2\/media?parent=2643"}],"curies":[{"name":"wp","href":"https:\/\/api.w.org\/{rel}","templated":true}]}}