{"id":1267,"date":"2014-06-12T08:58:25","date_gmt":"2014-06-12T07:58:25","guid":{"rendered":"https:\/\/www.xooloo.com\/?page_id=1267"},"modified":"2018-03-05T10:59:45","modified_gmt":"2018-03-05T09:59:45","slug":"xooloo-app-kids","status":"publish","type":"page","link":"https:\/\/www.xooloo.com\/fr\/faq\/xooloo-app-kids\/","title":{"rendered":"FAQ Xooloo App Kids"},"content":{"rendered":"<div class=\"faq-content\" style=\"display: block;\">\r\n\r\n<h3>Questions fr\u00e9quentes<\/h3>\r\n<ul class=\"faq-questions\">\r\n\r\n<li>\r\n<span class=\"faq-question\">Qu&rsquo;est-ce que Xooloo App Kids ?<\/span>\r\n<p class=\"faq-answer\">App Kids est une application qui transforme votre \u00e9quipement pour le rendre accessible et plus s\u00fbr pour votre enfant.<br>Rendez-vous sur <a href=\"\/fr\/produits\/xooloo-app-kids\/\" class=\"link\">la page de pr\u00e9sentation<\/a> pour plus de pr\u00e9cisions.<\/p>\r\n<\/li>\r\n\r\n<li>\r\n<span class=\"faq-question\">A quels enfants s&rsquo;adresse l&rsquo;application Xooloo App Kids ?<\/span>\r\n<p class=\"faq-answer\">App Kids est une application qui s&rsquo;adresse plut\u00f4t aux jeunes enfants. Elle leur permet l&rsquo;acc\u00e8s aux \u00e9quipements num\u00e9riques qui ne sont pas con\u00e7us pour les plus jeunes. Gr\u00e2ce \u00e0 App Kids, vos enfants sont prot\u00e9g\u00e9s des contenus inappropri\u00e9s, tout en utilisant votre mobile, tablette ou les 2. Pour vous, c&rsquo;est l&rsquo;assurance de partager un appareil connect\u00e9 avec votre enfant sans le risque qu&rsquo;il n&rsquo;acc\u00e8de \u00e0 des contenus qui ne lui sont pas destin\u00e9s tels que vos contacts et emails pro, des jeux non adapt\u00e9s \u00e0 son \u00e2ge&#8230; <\/p>\r\n<\/li>\r\n\r\n<li>\r\n<span class=\"faq-question\">L&rsquo;Application Xooloo App Kids est-elle compatible avec mon appareil ?<\/span>\r\n<p class=\"faq-answer\">L&rsquo;application App Kids est compatible avec tous les appareils Android 4.1 et ult\u00e9rieures.<\/p>\r\n<\/li>\r\n\r\n<li>\r\n<span class=\"faq-question\">Comment installer Xooloo App Kids ?<\/span>\r\n<p class=\"faq-answer\">Si vous avez d\u00e9j\u00e0 un compte Xooloo, vous pouvez <a href=\"\/fr\/connexion\/\">vous identifier<\/a> pour acc\u00e9der \u00e0 votre espace de t\u00e9l\u00e9chargement et envoyer les informations sur l&rsquo;\u00e9quipement de votre enfant. Si vous \u00eates un nouvel utilisateur, vous pouvez acc\u00e9der directement sur <a href=\"https:\/\/play.google.com\/store\/apps\/details?id=com.xooloo.kids&#038;hl=fr\" class=\"link\">la fiche<\/a> du Google Play depuis son \u00e9quipement.<\/p>\r\n<\/li>\r\n\r\n<li>\r\n<span class=\"faq-question\">Comment se passe la protection de mon enfant sur le web via App Kids?<\/span>\r\n<p class=\"faq-answer\">Pour les enfants en \u00e2ge d&rsquo;aller sur le web, Xooloo met \u00e0 disposition via son portail <a href=\"http:\/\/www.xooloo.fr\" target=_blank>xooloo.fr <\/a> (l&rsquo;ic\u00f4ne Internet sur l&rsquo;interface App Kids), une interface de navigation prot\u00e9g\u00e9e qui permet aux enfants d&rsquo;acc\u00e9der uniquement aux pages web situ\u00e9es sur liste blanche, c&rsquo;est-\u00e0-dire des pages dont le contenu a \u00e9t\u00e9 valid\u00e9 comme \u00e9tant adapt\u00e9 aux enfants.\r\n<\/p>\r\n<\/li>\r\n\r\n<li>\r\n<span class=\"faq-question\">Comment \u00e9viter de rentrer le code parent \u00e0 chaque lancement de l&rsquo;application ?<\/span>\r\n<p class=\"faq-answer\">Pour \u00e9viter d&rsquo;avoir \u00e0 entrer le code parent \u00e0 chaque lancement d&rsquo;App Kids, il vous suffit d\u2019aller dans \u00ab\u00a0Menu,\u00a0\u00bb de cliquer sur \u00ab\u00a0R\u00e9glages\u00a0\u00bb puis \u00ab\u00a0Administration avanc\u00e9e\u00a0\u00bb et de cocher l\u2019option concern\u00e9e.<\/p>\r\n<\/li>\r\n\r\n\r\n<\/ul>\r\n\r\n<h3>Autres questions<\/h3>\r\n<ul class=\"faq-questions\"><!--more-->\r\n\r\n\r\n\r\n<li>\r\n<span class=\"faq-question\">Mon enfant peut-il installer des applications sur l\u2019appareil sur lequel App Kids est install\u00e9 sans que j&rsquo;en sois averti(e) ?<\/span>\r\n<p class=\"faq-answer\">Non, c\u2019est vous qui d\u00e9cidez des applications et jeux auxquels votre enfant peut acc\u00e9der. A moins que vous ne lui accordiez l&rsquo;acc\u00e8s au Play Store lors du param\u00e9trage des applications auxquelles votre enfant a acc\u00e8s, il ne pourra pas y acc\u00e9der et donc installer d&rsquo;application par ce biais.<\/p>\r\n<\/li>\r\n\r\n<li>\r\n<span class=\"faq-question\">Mon enfant pourra-t-il de lui-m\u00eame quitter l&rsquo;application Xooloo App Kids?<\/span>\r\n<p class=\"faq-answer\">Il ne sera pas possible pour votre enfant de quitter l&rsquo;application sans le code parent que vous indiquez lors de la configuration de l&rsquo;application.<\/p>\r\n<\/li>\r\n\r\n<li>\r\n<span class=\"faq-question\">Comment quitter l&rsquo;application Xooloo App Kids ?<\/span>\r\n<p class=\"faq-answer\">Vous pouvez quitter l&rsquo;application \u00e0 tout moment pour retrouver votre bureau classique en cliquant sur \u00ab\u00a0Quitter\u00a0\u00bb depuis le menu en haut \u00e0 gauche de votre \u00e9cran puis en ayant renseign\u00e9 votre code parent.<\/p>\r\n<\/li>\r\n\r\n<li>\r\n<span class=\"faq-question\">Comment lancer automatiquement Xooloo App Kids avec le d\u00e9marrage de votre \u00e9quipement ?<\/span>\r\n<p class=\"faq-answer\">Lorsque votre \u00e9quipement n&rsquo;est plus utilis\u00e9, afin de le s\u00e9curiser lorsque votre enfant l&rsquo;utilise \u00e0 son tour, vous pouvez d\u00e9finir un d\u00e9lai de lancement automatique de l&rsquo;application. Il suffit pour cela d\u2019aller dans le menu, de cliquer sur \u00ab\u00a0R\u00e9glages\u00a0\u00bb puis \u00ab\u00a0Administration avanc\u00e9e\u00a0\u00bb et de cocher l\u2019option concern\u00e9e.<\/p>\r\n<\/li>\r\n\r\n<li>\r\n<span class=\"faq-question\">Comment d\u00e9finir des jeux adapt\u00e9s \u00e0 votre enfant dans la s\u00e9lection des applications propos\u00e9es ?<\/span>\r\n<p class=\"faq-answer\">Parmi les r\u00e9glages propos\u00e9s, il vous est possible de pr\u00e9ciser le profil de votre enfant, notamment de donner son \u00e2ge et s&rsquo;il s&rsquo;agit d&rsquo;un garcon ou d&rsquo;un fille.\r\nEn fonction des informations que vous donnerez, la liste des jeux propos\u00e9s lorsqu&rsquo;il clique sur l&rsquo;ic\u00f4ne Jeux depuis son \u00e9cran d&rsquo;accueil sera affin\u00e9e.\r\nSi vous ne rentrez aucune information, votre enfant verra l&rsquo;ensemble des jeux que nous recommandons pour les enfants.<\/p>\r\n<\/li>\r\n\r\n<li>\r\n<span class=\"faq-question\">Que se passe-t-il si mon enfant d\u00e9sire installer un jeu figurant dans la liste des jeux propos\u00e9s sur App Kids ?<\/span>\r\n<p class=\"faq-answer\">Si votre enfant d\u00e9sire installer un jeu figurant dans la liste des jeux propos\u00e9s sur App Kids, un email vous est envoy\u00e9 (sur l&rsquo;adresse de votre compte Xooloo) avec sa demande. <br>\r\nLibre \u00e0 vous alors d&rsquo;accepter ou pas. Si vous installez l\u2019application depuis l\u2019appareil ou \u00e0 distance via le Play Store en vous connectant avec le compte Google param\u00e9tr\u00e9 sur l&rsquo;appareil, le raccourci sera alors automatiquement ajout\u00e9 dans son interface App Kids sans que vous ayez \u00e0 ajouter ce nouveau jeu dans la liste des jeux accessibles. <br>\r\nCela n&rsquo;est par contre pas le cas si vous installez une autre application avant qu\u2019elle ait \u00e9t\u00e9 r\u00e9clam\u00e9e depuis App Kids: l&rsquo;application que vous installez devra alors \u00eatre manuellement rajout\u00e9e dans les applications autoris\u00e9es avant que votre enfant puisse y avoir acc\u00e8s. <\/p>\r\n<\/li>\r\n\r\n<li>\r\n<span class=\"faq-question\">Comment valider la liste des applications demand\u00e9es par mon enfant ?<\/span>\r\n<p class=\"faq-answer\"> Vous pouvez valider une demande d&rsquo;installation d&rsquo;applications \u00e9manant de votre enfant de 2 mani\u00e8res : <br>\r\n&#8211; \u00e0 distance : en cliquant sur le lien de l&rsquo;application qui vous sera envoy\u00e9 dans un email de notification de demande,  <br>\r\n&#8211; directement depuis l&rsquo;appareil utilis\u00e9 par votre enfant pour App Kids, en allant dans le menu dans \u00ab\u00a0R\u00e9glages\u00a0\u00bb puis \u00ab\u00a0Liste de souhaits\u00a0\u00bb.\r\n<\/p>\r\n<\/li>\r\n\r\n<li>\r\n<span class=\"faq-question\">Comment choisir les contacts auquel votre enfant pourra acc\u00e9der en \u00e9mission ou en r\u00e9ception d\u2019appel ?<\/span>\r\n<p class=\"faq-answer\">Si votre appareil est \u00e9quip\u00e9 d\u2019une carte SIM, vous pouvez d\u00e9finir les contacts qui pourront joindre ou \u00eatre joints par vos enfants depuis l\u2019appareil \u00e9quip\u00e9 d\u2019App Kids.<br>\r\nPour cela, allez dans le menu et s\u00e9lectionnez \u00ab\u00a0R\u00e9glage\u00a0\u00bb puis \u00ab\u00a0t\u00e9l\u00e9phone\u00a0\u00bb. Il vous suffit ensuite d&rsquo;ajouter depuis la liste de vos contacts ceux auxquels votre enfant aura acc\u00e8s en \u00e9mission et en r\u00e9ception d&rsquo;appel.<br>\r\nVotre enfant pourra ensuite les appeler depuis l&rsquo;\u00e9cran d&rsquo;accueil d&rsquo;App Kids, en cliquant sur l&rsquo;ic\u00f4ne T\u00e9l\u00e9phone.<\/p>\r\n<\/li>\r\n\r\n\r\n<\/ul>\r\n\r\n<\/div>","protected":false},"excerpt":{"rendered":"Questions fr\u00e9quentes Qu&rsquo;est-ce que Xooloo App Kids ? App Kids est une application qui transforme votre \u00e9quipement pour le rendre accessible et plus s\u00fbr pour votre enfant.Rendez-vous sur la page de pr\u00e9sentation pour plus de pr\u00e9cisions. A quels enfants s&rsquo;adresse l&rsquo;application Xooloo App Kids ? App Kids est une application qui s&rsquo;adresse plut\u00f4t aux jeunes [&hellip;]","protected":false},"author":1,"featured_media":0,"parent":236,"menu_order":0,"comment_status":"closed","ping_status":"closed","template":"faq.php","meta":{"footnotes":""},"yoast_head":"<!-- This site is optimized with the Yoast SEO plugin v21.7 - https:\/\/yoast.com\/wordpress\/plugins\/seo\/ -->\n<title>FAQ Xooloo App Kids - Xooloo<\/title>\n<meta name=\"robots\" content=\"index, follow, max-snippet:-1, max-image-preview:large, max-video-preview:-1\" \/>\n<link rel=\"canonical\" href=\"https:\/\/www.xooloo.com\/fr\/faq\/xooloo-app-kids\/\" \/>\n<meta property=\"og:locale\" content=\"fr_FR\" \/>\n<meta property=\"og:type\" content=\"article\" \/>\n<meta property=\"og:title\" content=\"FAQ Xooloo App Kids - Xooloo\" \/>\n<meta property=\"og:description\" content=\"Questions fr\u00e9quentes Qu&rsquo;est-ce que Xooloo App Kids ? App Kids est une application qui transforme votre \u00e9quipement pour le rendre accessible et plus s\u00fbr pour votre enfant.Rendez-vous sur la page de pr\u00e9sentation pour plus de pr\u00e9cisions. A quels enfants s&rsquo;adresse l&rsquo;application Xooloo App Kids ? App Kids est une application qui s&rsquo;adresse plut\u00f4t aux jeunes [&hellip;]\" \/>\n<meta property=\"og:url\" content=\"https:\/\/www.xooloo.com\/fr\/faq\/xooloo-app-kids\/\" \/>\n<meta property=\"og:site_name\" content=\"Xooloo\" \/>\n<meta property=\"article:modified_time\" content=\"2018-03-05T09:59:45+00:00\" \/>\n<meta name=\"twitter:card\" content=\"summary_large_image\" \/>\n<meta name=\"twitter:label1\" content=\"Dur\u00e9e de lecture estim\u00e9e\" \/>\n\t<meta name=\"twitter:data1\" content=\"5 minutes\" \/>\n<script type=\"application\/ld+json\" class=\"yoast-schema-graph\">{\"@context\":\"https:\/\/schema.org\",\"@graph\":[{\"@type\":\"WebPage\",\"@id\":\"https:\/\/www.xooloo.com\/fr\/faq\/xooloo-app-kids\/\",\"url\":\"https:\/\/www.xooloo.com\/fr\/faq\/xooloo-app-kids\/\",\"name\":\"FAQ Xooloo App Kids - Xooloo\",\"isPartOf\":{\"@id\":\"https:\/\/www.xooloo.com\/fr\/#website\"},\"datePublished\":\"2014-06-12T07:58:25+00:00\",\"dateModified\":\"2018-03-05T09:59:45+00:00\",\"breadcrumb\":{\"@id\":\"https:\/\/www.xooloo.com\/fr\/faq\/xooloo-app-kids\/#breadcrumb\"},\"inLanguage\":\"fr-FR\",\"potentialAction\":[{\"@type\":\"ReadAction\",\"target\":[\"https:\/\/www.xooloo.com\/fr\/faq\/xooloo-app-kids\/\"]}]},{\"@type\":\"BreadcrumbList\",\"@id\":\"https:\/\/www.xooloo.com\/fr\/faq\/xooloo-app-kids\/#breadcrumb\",\"itemListElement\":[{\"@type\":\"ListItem\",\"position\":1,\"name\":\"FAQ Xooloo Digital Coach &#038; Parents\",\"item\":\"https:\/\/www.xooloo.com\/fr\/faq\/\"},{\"@type\":\"ListItem\",\"position\":2,\"name\":\"FAQ Xooloo App Kids\"}]},{\"@type\":\"WebSite\",\"@id\":\"https:\/\/www.xooloo.com\/fr\/#website\",\"url\":\"https:\/\/www.xooloo.com\/fr\/\",\"name\":\"Xooloo\",\"description\":\"Xooloo r\u00e9volutionne la vie num\u00e9rique de vos enfants\",\"potentialAction\":[{\"@type\":\"SearchAction\",\"target\":{\"@type\":\"EntryPoint\",\"urlTemplate\":\"https:\/\/www.xooloo.com\/fr\/?s={search_term_string}\"},\"query-input\":\"required name=search_term_string\"}],\"inLanguage\":\"fr-FR\"}]}<\/script>\n<!-- \/ Yoast SEO plugin. -->","yoast_head_json":{"title":"FAQ Xooloo App Kids - Xooloo","robots":{"index":"index","follow":"follow","max-snippet":"max-snippet:-1","max-image-preview":"max-image-preview:large","max-video-preview":"max-video-preview:-1"},"canonical":"https:\/\/www.xooloo.com\/fr\/faq\/xooloo-app-kids\/","og_locale":"fr_FR","og_type":"article","og_title":"FAQ Xooloo App Kids - Xooloo","og_description":"Questions fr\u00e9quentes Qu&rsquo;est-ce que Xooloo App Kids ? App Kids est une application qui transforme votre \u00e9quipement pour le rendre accessible et plus s\u00fbr pour votre enfant.Rendez-vous sur la page de pr\u00e9sentation pour plus de pr\u00e9cisions. A quels enfants s&rsquo;adresse l&rsquo;application Xooloo App Kids ? App Kids est une application qui s&rsquo;adresse plut\u00f4t aux jeunes [&hellip;]","og_url":"https:\/\/www.xooloo.com\/fr\/faq\/xooloo-app-kids\/","og_site_name":"Xooloo","article_modified_time":"2018-03-05T09:59:45+00:00","twitter_card":"summary_large_image","twitter_misc":{"Dur\u00e9e de lecture estim\u00e9e":"5 minutes"},"schema":{"@context":"https:\/\/schema.org","@graph":[{"@type":"WebPage","@id":"https:\/\/www.xooloo.com\/fr\/faq\/xooloo-app-kids\/","url":"https:\/\/www.xooloo.com\/fr\/faq\/xooloo-app-kids\/","name":"FAQ Xooloo App Kids - Xooloo","isPartOf":{"@id":"https:\/\/www.xooloo.com\/fr\/#website"},"datePublished":"2014-06-12T07:58:25+00:00","dateModified":"2018-03-05T09:59:45+00:00","breadcrumb":{"@id":"https:\/\/www.xooloo.com\/fr\/faq\/xooloo-app-kids\/#breadcrumb"},"inLanguage":"fr-FR","potentialAction":[{"@type":"ReadAction","target":["https:\/\/www.xooloo.com\/fr\/faq\/xooloo-app-kids\/"]}]},{"@type":"BreadcrumbList","@id":"https:\/\/www.xooloo.com\/fr\/faq\/xooloo-app-kids\/#breadcrumb","itemListElement":[{"@type":"ListItem","position":1,"name":"FAQ Xooloo Digital Coach &#038; Parents","item":"https:\/\/www.xooloo.com\/fr\/faq\/"},{"@type":"ListItem","position":2,"name":"FAQ Xooloo App Kids"}]},{"@type":"WebSite","@id":"https:\/\/www.xooloo.com\/fr\/#website","url":"https:\/\/www.xooloo.com\/fr\/","name":"Xooloo","description":"Xooloo r\u00e9volutionne la vie num\u00e9rique de vos enfants","potentialAction":[{"@type":"SearchAction","target":{"@type":"EntryPoint","urlTemplate":"https:\/\/www.xooloo.com\/fr\/?s={search_term_string}"},"query-input":"required name=search_term_string"}],"inLanguage":"fr-FR"}]}},"_links":{"self":[{"href":"https:\/\/www.xooloo.com\/fr\/wp-json\/wp\/v2\/pages\/1267"}],"collection":[{"href":"https:\/\/www.xooloo.com\/fr\/wp-json\/wp\/v2\/pages"}],"about":[{"href":"https:\/\/www.xooloo.com\/fr\/wp-json\/wp\/v2\/types\/page"}],"author":[{"embeddable":true,"href":"https:\/\/www.xooloo.com\/fr\/wp-json\/wp\/v2\/users\/1"}],"replies":[{"embeddable":true,"href":"https:\/\/www.xooloo.com\/fr\/wp-json\/wp\/v2\/comments?post=1267"}],"version-history":[{"count":5,"href":"https:\/\/www.xooloo.com\/fr\/wp-json\/wp\/v2\/pages\/1267\/revisions"}],"predecessor-version":[{"id":3822,"href":"https:\/\/www.xooloo.com\/fr\/wp-json\/wp\/v2\/pages\/1267\/revisions\/3822"}],"up":[{"embeddable":true,"href":"https:\/\/www.xooloo.com\/fr\/wp-json\/wp\/v2\/pages\/236"}],"wp:attachment":[{"href":"https:\/\/www.xooloo.com\/fr\/wp-json\/wp\/v2\/media?parent=1267"}],"curies":[{"name":"wp","href":"https:\/\/api.w.org\/{rel}","templated":true}]}}