{"id":121,"date":"2014-01-17T15:44:15","date_gmt":"2014-01-17T14:44:15","guid":{"rendered":"http:\/\/shop\/?page_id=121"},"modified":"2023-01-04T11:15:16","modified_gmt":"2023-01-04T10:15:16","slug":"ecole","status":"publish","type":"page","link":"https:\/\/www.xooloo.com\/fr\/ecole\/","title":{"rendered":"Service de protection des enfants sur Internet pour les \u00e9coles"},"content":{"rendered":"<h2>Le service de filtrage internet Xooloo pour les Etablissements scolaires<\/h2>\nXooloo propose un service unique de protection des enfants sur Internet pour les \u00e9tablissements scolaires disponible sur simple appel t\u00e9l\u00e9phonique au 0811 555 777 (0,06 euro\/appel) ou par e-mail \u00e0 l\u2019adresse suivante\u00a0: education@xooloo.com\n\nLe service est activ\u00e9 \u00e0 distance et ne requiert aucun investissement logiciel ou mat\u00e9riel. Plus de 1000 \u00e9coles sont d\u00e9j\u00e0 \u00e9quip\u00e9es de ce service.\n<h3>Xooloo pour l\u2019Education : Accord Cadre avec le Minist\u00e8re de l\u2019Education pour le service centralis\u00e9 de filtrage Internet<\/h3>\nLe Minist\u00e8re de l\u2019Education nationale, de l\u2019Enseignement sup\u00e9rieur et de la Recherche a conclu un accord-cadre avec Xooloo pour b\u00e9n\u00e9ficier du service centralis\u00e9 Xooloo de filtrage Internet permettant aux enfants d\u2019utiliser Internet en toute s\u00e9curit\u00e9 dans les \u00e9tablissements scolaires.\n\nL\u2019accord concerne tous les \u00e9tablissements scolaires de l\u2019Education Nationale tant en France m\u00e9tropolitaine que dans les d\u00e9partements et territoires d\u2019outre-mer. Il a pour objectif de d\u00e9velopper l\u2019utilisation des nouvelles technologies comme outil d\u2019apprentissage et de soutien \u00e0 l\u2019\u00e9cole. L\u2019accord pr\u00e9voit \u00e9galement des dispositions sp\u00e9cifiques pour l\u2019\u00e9quipement des \u00e9tablissements situ\u00e9s dans les ZEP, dans les r\u00e9seaux ruraux d\u2019\u00e9ducation ou dans les r\u00e9seaux d\u2019\u00e9ducation prioritaires.\n\nDisponible sur un simple appel t\u00e9l\u00e9phonique au 0811 555 777 (0,06 euro\/appel), cette solution cl\u00e9 en main vous permet de s\u00e9curiser en 30 minutes et sans installation de logiciel l\u2019ensemble des postes des \u00e9tablissements scolaires dont vous avez la charge.\n\n<a href=\"http:\/\/eduscol.education.fr\/ressources\/Conventions-cooperation-tic\/xooloo.html\" target=\"_blank\" rel=\"noopener\">T\u00e9l\u00e9charger l\u2019accord-cadre (sur le site du minist\u00e8re de l\u2019Education)<\/a>\n<h2>Une protection adapt\u00e9e \u00e0 chaque \u00e2ge<\/h2>\nLe service centralis\u00e9 Xooloo propose un mode de protection des enfants permettant un acc\u00e8s \u00e0 un Internet s\u00e9curis\u00e9.\n\nProt\u00e9ger la navigation, c\u2019est donner la possibilit\u00e9 aux enfants de se connecter plus librement et d\u2019apprendre \u00e0 utiliser les technologies de l\u2019information dans le cadre de leur scolarit\u00e9.\n\nLa solution Xooloo est universelle et disponible quel que soit le mat\u00e9riel utilis\u00e9 ou le type de connexion.\n\nLa solution Xooloo est compatible avec l\u2019ensemble des mat\u00e9riels informatiques et syst\u00e8mes d\u2019exploitation disponibles sur le march\u00e9 quelle que soit leur anciennet\u00e9 (PC, Mac, Android , iOS, mobiles, tablettes) et quel que soit le type de connexion utilis\u00e9 (ADSL, Fibre, Wi-Fi, 4G, 5G&#8230;).\n<h2>Une mise en \u0153uvre simple et instantan\u00e9e<\/h2>\nLe service centralis\u00e9 Xooloo est un service de protection qui ne n\u00e9cessite aucune installation de logiciel et aucun achat de mat\u00e9riel. Il permet de s\u00e9curiser \u00e0 distance l\u2019acc\u00e8s \u00e0 Internet des \u00e9tablissements scolaires et autres lieux d\u2019acc\u00e8s publics \u00e0 Internet.\n\nComment \u00e7a marche ? L\u2019activation est simple et instantan\u00e9e : pour s\u00e9curiser votre ou vos \u00e9tablissements, vous pouvez contacter le 0811 555 777 (0,06 euro\/appel). Vous recevrez instantan\u00e9ment par mail le guide d\u2019activation (1 page) et votre identifiant Xooloo. L\u2019activation du service centralis\u00e9 Xooloo est simple et ne prend que quelques minutes par \u00e9tablissement. La pr\u00e9sence d\u2019un informaticien n\u2019est pas n\u00e9cessaire.\n<h2>Une gestion simplifi\u00e9e de votre politique de protection sur Internet<\/h2>\nGr\u00e2ce \u00e0 l&rsquo;interface d\u2019administration du service, vous g\u00e9rez votre politique de protection des enfants sur Internet \u00e0 distance. Vous connectez de nouveaux \u00e9tablissements et autorisez ou interdisez des sites. Vous pouvez \u00e9galement d\u00e9l\u00e9guer certains droits sur la gestion du service.\n\nLe service client est disponible par t\u00e9l\u00e9phone au 0811 555 777 (0,06 euro\/appel) et par mail \u00e0 l\u2019adresse suivante : education@xooloo.com.\n<h2>Une tarification calcul\u00e9e au plus juste adapt\u00e9e \u00e0 la taille de l\u2019\u00e9tablissement<\/h2>\nLa tarification Xooloo d\u00e9pend du type d\u2019\u00e9tablissement (\u00e9cole, coll\u00e8ge lyc\u00e9e), du nombre de postes et du nombre d\u2019\u00e9tablissements \u00e0 prot\u00e9ger. Vous pouvez demander un devis ou une d\u00e9monstration du service en \u00e9crivant \u00e0 l\u2019adresse suivante\u00a0: education@xooloo.com","protected":false},"excerpt":{"rendered":"Le service de filtrage internet Xooloo pour les Etablissements scolaires Xooloo propose un service unique de protection des enfants sur Internet pour les \u00e9tablissements scolaires disponible sur simple appel t\u00e9l\u00e9phonique au 0811 555 777 (0,06 euro\/appel) ou par e-mail \u00e0 l\u2019adresse suivante\u00a0: education@xooloo.com Le service est activ\u00e9 \u00e0 distance et ne requiert aucun investissement logiciel [&hellip;]","protected":false},"author":1,"featured_media":0,"parent":0,"menu_order":0,"comment_status":"closed","ping_status":"closed","template":"","meta":{"footnotes":""},"yoast_head":"<!-- This site is optimized with the Yoast SEO plugin v21.7 - https:\/\/yoast.com\/wordpress\/plugins\/seo\/ -->\n<title>Contr\u00f4le Parental pour les espaces publics et les \u00e9coles<\/title>\n<meta name=\"description\" content=\"Xooloo un service de filtrage Internet pour les \u00e9tablissements scolaires, les biblioth\u00e8ques, les m\u00e9diath\u00e8ques, les centres a\u00e9r\u00e9s, les h\u00f4pitaux et les points Wi-Fi.\" \/>\n<meta name=\"robots\" content=\"index, follow, max-snippet:-1, max-image-preview:large, max-video-preview:-1\" \/>\n<link rel=\"canonical\" href=\"https:\/\/www.xooloo.com\/fr\/ecole\/\" \/>\n<meta property=\"og:locale\" content=\"fr_FR\" \/>\n<meta property=\"og:type\" content=\"article\" \/>\n<meta property=\"og:title\" content=\"Contr\u00f4le Parental pour les espaces publics et les \u00e9coles\" \/>\n<meta property=\"og:description\" content=\"Xooloo un service de filtrage Internet pour les \u00e9tablissements scolaires, les biblioth\u00e8ques, les m\u00e9diath\u00e8ques, les centres a\u00e9r\u00e9s, les h\u00f4pitaux et les points Wi-Fi.\" \/>\n<meta property=\"og:url\" content=\"https:\/\/www.xooloo.com\/fr\/ecole\/\" \/>\n<meta property=\"og:site_name\" content=\"Xooloo\" \/>\n<meta property=\"article:modified_time\" content=\"2023-01-04T10:15:16+00:00\" \/>\n<meta name=\"twitter:card\" content=\"summary_large_image\" \/>\n<meta name=\"twitter:label1\" content=\"Dur\u00e9e de lecture estim\u00e9e\" \/>\n\t<meta name=\"twitter:data1\" content=\"3 minutes\" \/>\n<script type=\"application\/ld+json\" class=\"yoast-schema-graph\">{\"@context\":\"https:\/\/schema.org\",\"@graph\":[{\"@type\":\"WebPage\",\"@id\":\"https:\/\/www.xooloo.com\/fr\/ecole\/\",\"url\":\"https:\/\/www.xooloo.com\/fr\/ecole\/\",\"name\":\"Contr\u00f4le Parental pour les espaces publics et les \u00e9coles\",\"isPartOf\":{\"@id\":\"https:\/\/www.xooloo.com\/fr\/#website\"},\"datePublished\":\"2014-01-17T14:44:15+00:00\",\"dateModified\":\"2023-01-04T10:15:16+00:00\",\"description\":\"Xooloo un service de filtrage Internet pour les \u00e9tablissements scolaires, les biblioth\u00e8ques, les m\u00e9diath\u00e8ques, les centres a\u00e9r\u00e9s, les h\u00f4pitaux et les points Wi-Fi.\",\"inLanguage\":\"fr-FR\",\"potentialAction\":[{\"@type\":\"ReadAction\",\"target\":[\"https:\/\/www.xooloo.com\/fr\/ecole\/\"]}]},{\"@type\":\"WebSite\",\"@id\":\"https:\/\/www.xooloo.com\/fr\/#website\",\"url\":\"https:\/\/www.xooloo.com\/fr\/\",\"name\":\"Xooloo\",\"description\":\"Xooloo r\u00e9volutionne la vie num\u00e9rique de vos enfants\",\"potentialAction\":[{\"@type\":\"SearchAction\",\"target\":{\"@type\":\"EntryPoint\",\"urlTemplate\":\"https:\/\/www.xooloo.com\/fr\/?s={search_term_string}\"},\"query-input\":\"required name=search_term_string\"}],\"inLanguage\":\"fr-FR\"}]}<\/script>\n<!-- \/ Yoast SEO plugin. -->","yoast_head_json":{"title":"Contr\u00f4le Parental pour les espaces publics et les \u00e9coles","description":"Xooloo un service de filtrage Internet pour les \u00e9tablissements scolaires, les biblioth\u00e8ques, les m\u00e9diath\u00e8ques, les centres a\u00e9r\u00e9s, les h\u00f4pitaux et les points Wi-Fi.","robots":{"index":"index","follow":"follow","max-snippet":"max-snippet:-1","max-image-preview":"max-image-preview:large","max-video-preview":"max-video-preview:-1"},"canonical":"https:\/\/www.xooloo.com\/fr\/ecole\/","og_locale":"fr_FR","og_type":"article","og_title":"Contr\u00f4le Parental pour les espaces publics et les \u00e9coles","og_description":"Xooloo un service de filtrage Internet pour les \u00e9tablissements scolaires, les biblioth\u00e8ques, les m\u00e9diath\u00e8ques, les centres a\u00e9r\u00e9s, les h\u00f4pitaux et les points Wi-Fi.","og_url":"https:\/\/www.xooloo.com\/fr\/ecole\/","og_site_name":"Xooloo","article_modified_time":"2023-01-04T10:15:16+00:00","twitter_card":"summary_large_image","twitter_misc":{"Dur\u00e9e de lecture estim\u00e9e":"3 minutes"},"schema":{"@context":"https:\/\/schema.org","@graph":[{"@type":"WebPage","@id":"https:\/\/www.xooloo.com\/fr\/ecole\/","url":"https:\/\/www.xooloo.com\/fr\/ecole\/","name":"Contr\u00f4le Parental pour les espaces publics et les \u00e9coles","isPartOf":{"@id":"https:\/\/www.xooloo.com\/fr\/#website"},"datePublished":"2014-01-17T14:44:15+00:00","dateModified":"2023-01-04T10:15:16+00:00","description":"Xooloo un service de filtrage Internet pour les \u00e9tablissements scolaires, les biblioth\u00e8ques, les m\u00e9diath\u00e8ques, les centres a\u00e9r\u00e9s, les h\u00f4pitaux et les points Wi-Fi.","inLanguage":"fr-FR","potentialAction":[{"@type":"ReadAction","target":["https:\/\/www.xooloo.com\/fr\/ecole\/"]}]},{"@type":"WebSite","@id":"https:\/\/www.xooloo.com\/fr\/#website","url":"https:\/\/www.xooloo.com\/fr\/","name":"Xooloo","description":"Xooloo r\u00e9volutionne la vie num\u00e9rique de vos enfants","potentialAction":[{"@type":"SearchAction","target":{"@type":"EntryPoint","urlTemplate":"https:\/\/www.xooloo.com\/fr\/?s={search_term_string}"},"query-input":"required name=search_term_string"}],"inLanguage":"fr-FR"}]}},"_links":{"self":[{"href":"https:\/\/www.xooloo.com\/fr\/wp-json\/wp\/v2\/pages\/121"}],"collection":[{"href":"https:\/\/www.xooloo.com\/fr\/wp-json\/wp\/v2\/pages"}],"about":[{"href":"https:\/\/www.xooloo.com\/fr\/wp-json\/wp\/v2\/types\/page"}],"author":[{"embeddable":true,"href":"https:\/\/www.xooloo.com\/fr\/wp-json\/wp\/v2\/users\/1"}],"replies":[{"embeddable":true,"href":"https:\/\/www.xooloo.com\/fr\/wp-json\/wp\/v2\/comments?post=121"}],"version-history":[{"count":3,"href":"https:\/\/www.xooloo.com\/fr\/wp-json\/wp\/v2\/pages\/121\/revisions"}],"predecessor-version":[{"id":3961,"href":"https:\/\/www.xooloo.com\/fr\/wp-json\/wp\/v2\/pages\/121\/revisions\/3961"}],"wp:attachment":[{"href":"https:\/\/www.xooloo.com\/fr\/wp-json\/wp\/v2\/media?parent=121"}],"curies":[{"name":"wp","href":"https:\/\/api.w.org\/{rel}","templated":true}]}}