{"id":115,"date":"2014-01-17T15:42:01","date_gmt":"2014-01-17T14:42:01","guid":{"rendered":"http:\/\/shop\/?page_id=115"},"modified":"2017-12-18T15:06:43","modified_gmt":"2017-12-18T14:06:43","slug":"corporate","status":"publish","type":"page","link":"https:\/\/www.xooloo.com\/fr\/corporate\/","title":{"rendered":"Xooloo"},"content":{"rendered":"<section class=\"page-contenu page-xooloo\" role=\"main\">\r\n    <section class=\"wrap page-header section-header\">\r\n        <div class=\"content\" style=\"top:45%;left:auto\">\r\n            <div class=\"titles\">\r\n                <h1 class=\"fs2 kuro s-0 m-0\">Qui sommes-nous ?<\/h1>\r\n                <h1 class=\"fs2 kuro l-0 xl-0\" style=\"color:black;text-shadow:none\">Qui sommes-nous ?<\/h1>\r\n            <\/div>\r\n        <\/div>\r\n    <\/section>\r\n\r\n    <section id=\"\" class=\"section section-intro clearfix\">\r\n        <div class=\"wrap padding-side\">\r\n            <div class=\"part-1 clearfix\">\r\n                <div class=\"s-12 s-np m-12 m-np l-7 l-left-np xl-7 xl-left-np column\">\r\n                    <header class=\"header\">\r\n                        <h2 class=\"t1\">Xooloo en quelques mots<\/h2>\r\n                    <\/header>\r\n                    <div class=\"content clearfix\">\r\n                        <p>Chez Xooloo, nous pensons que les nouvelles technologies sont une opportunit\u00e9 pour les enfants. Notre r\u00f4le est de lever les barri\u00e8res qui freinent l&rsquo;acc\u00e8s des enfants \u00e0 ces nouvelles technologies car nous pensons que c&rsquo;est un outil formidable qui va leur permettre de transformer le monde. C&rsquo;est pourquoi nous d\u00e9veloppons des services destin\u00e9s aux enfants pour r\u00e9volutionner leur exp\u00e9rience num\u00e9rique en la rendant plus s\u00fbre, plus fun et plus simple.<\/p>\r\n                    <\/div>\r\n                <\/div>\r\n                <aside class=\"s-12 s-np m-8 m-offset-2 m-np l-5 l-right-np xl-5 xl-right-np column alcenter\">\r\n \r\n                <\/aside>\r\n            <\/div>\r\n                        \r\n    <\/section>\r\n<\/section>","protected":false},"excerpt":{"rendered":"Qui sommes-nous ? Qui sommes-nous ? Xooloo en quelques mots Chez Xooloo, nous pensons que les nouvelles technologies sont une opportunit\u00e9 pour les enfants. Notre r\u00f4le est de lever les barri\u00e8res qui freinent l&rsquo;acc\u00e8s des enfants \u00e0 ces nouvelles technologies car nous pensons que c&rsquo;est un outil formidable qui va leur permettre de transformer le [&hellip;]","protected":false},"author":1,"featured_media":0,"parent":0,"menu_order":0,"comment_status":"closed","ping_status":"closed","template":"page_v3.php","meta":{"footnotes":""},"yoast_head":"<!-- This site is optimized with the Yoast SEO plugin v21.7 - https:\/\/yoast.com\/wordpress\/plugins\/seo\/ -->\n<title>Xooloo l\u2019Internet s\u00e9curis\u00e9 pour toute la famille<\/title>\n<meta name=\"description\" content=\"Xooloo accompagne les enfants et les adolescents dans leur d\u00e9couverte du monde \u00e0 travers le num\u00e9rique.\" \/>\n<meta name=\"robots\" content=\"index, follow, max-snippet:-1, max-image-preview:large, max-video-preview:-1\" \/>\n<link rel=\"canonical\" href=\"https:\/\/www.xooloo.com\/fr\/corporate\/\" \/>\n<meta property=\"og:locale\" content=\"fr_FR\" \/>\n<meta property=\"og:type\" content=\"article\" \/>\n<meta property=\"og:title\" content=\"Xooloo l\u2019Internet s\u00e9curis\u00e9 pour toute la famille\" \/>\n<meta property=\"og:description\" content=\"Xooloo accompagne les enfants et les adolescents dans leur d\u00e9couverte du monde \u00e0 travers le num\u00e9rique.\" \/>\n<meta property=\"og:url\" content=\"https:\/\/www.xooloo.com\/fr\/corporate\/\" \/>\n<meta property=\"og:site_name\" content=\"Xooloo\" \/>\n<meta property=\"article:modified_time\" content=\"2017-12-18T14:06:43+00:00\" \/>\n<meta name=\"twitter:card\" content=\"summary_large_image\" \/>\n<script type=\"application\/ld+json\" class=\"yoast-schema-graph\">{\"@context\":\"https:\/\/schema.org\",\"@graph\":[{\"@type\":\"WebPage\",\"@id\":\"https:\/\/www.xooloo.com\/fr\/corporate\/\",\"url\":\"https:\/\/www.xooloo.com\/fr\/corporate\/\",\"name\":\"Xooloo l\u2019Internet s\u00e9curis\u00e9 pour toute la famille\",\"isPartOf\":{\"@id\":\"https:\/\/www.xooloo.com\/fr\/#website\"},\"datePublished\":\"2014-01-17T14:42:01+00:00\",\"dateModified\":\"2017-12-18T14:06:43+00:00\",\"description\":\"Xooloo accompagne les enfants et les adolescents dans leur d\u00e9couverte du monde \u00e0 travers le num\u00e9rique.\",\"inLanguage\":\"fr-FR\",\"potentialAction\":[{\"@type\":\"ReadAction\",\"target\":[\"https:\/\/www.xooloo.com\/fr\/corporate\/\"]}]},{\"@type\":\"WebSite\",\"@id\":\"https:\/\/www.xooloo.com\/fr\/#website\",\"url\":\"https:\/\/www.xooloo.com\/fr\/\",\"name\":\"Xooloo\",\"description\":\"Xooloo r\u00e9volutionne la vie num\u00e9rique de vos enfants\",\"potentialAction\":[{\"@type\":\"SearchAction\",\"target\":{\"@type\":\"EntryPoint\",\"urlTemplate\":\"https:\/\/www.xooloo.com\/fr\/?s={search_term_string}\"},\"query-input\":\"required name=search_term_string\"}],\"inLanguage\":\"fr-FR\"}]}<\/script>\n<!-- \/ Yoast SEO plugin. -->","yoast_head_json":{"title":"Xooloo l\u2019Internet s\u00e9curis\u00e9 pour toute la famille","description":"Xooloo accompagne les enfants et les adolescents dans leur d\u00e9couverte du monde \u00e0 travers le num\u00e9rique.","robots":{"index":"index","follow":"follow","max-snippet":"max-snippet:-1","max-image-preview":"max-image-preview:large","max-video-preview":"max-video-preview:-1"},"canonical":"https:\/\/www.xooloo.com\/fr\/corporate\/","og_locale":"fr_FR","og_type":"article","og_title":"Xooloo l\u2019Internet s\u00e9curis\u00e9 pour toute la famille","og_description":"Xooloo accompagne les enfants et les adolescents dans leur d\u00e9couverte du monde \u00e0 travers le num\u00e9rique.","og_url":"https:\/\/www.xooloo.com\/fr\/corporate\/","og_site_name":"Xooloo","article_modified_time":"2017-12-18T14:06:43+00:00","twitter_card":"summary_large_image","schema":{"@context":"https:\/\/schema.org","@graph":[{"@type":"WebPage","@id":"https:\/\/www.xooloo.com\/fr\/corporate\/","url":"https:\/\/www.xooloo.com\/fr\/corporate\/","name":"Xooloo l\u2019Internet s\u00e9curis\u00e9 pour toute la famille","isPartOf":{"@id":"https:\/\/www.xooloo.com\/fr\/#website"},"datePublished":"2014-01-17T14:42:01+00:00","dateModified":"2017-12-18T14:06:43+00:00","description":"Xooloo accompagne les enfants et les adolescents dans leur d\u00e9couverte du monde \u00e0 travers le num\u00e9rique.","inLanguage":"fr-FR","potentialAction":[{"@type":"ReadAction","target":["https:\/\/www.xooloo.com\/fr\/corporate\/"]}]},{"@type":"WebSite","@id":"https:\/\/www.xooloo.com\/fr\/#website","url":"https:\/\/www.xooloo.com\/fr\/","name":"Xooloo","description":"Xooloo r\u00e9volutionne la vie num\u00e9rique de vos enfants","potentialAction":[{"@type":"SearchAction","target":{"@type":"EntryPoint","urlTemplate":"https:\/\/www.xooloo.com\/fr\/?s={search_term_string}"},"query-input":"required name=search_term_string"}],"inLanguage":"fr-FR"}]}},"_links":{"self":[{"href":"https:\/\/www.xooloo.com\/fr\/wp-json\/wp\/v2\/pages\/115"}],"collection":[{"href":"https:\/\/www.xooloo.com\/fr\/wp-json\/wp\/v2\/pages"}],"about":[{"href":"https:\/\/www.xooloo.com\/fr\/wp-json\/wp\/v2\/types\/page"}],"author":[{"embeddable":true,"href":"https:\/\/www.xooloo.com\/fr\/wp-json\/wp\/v2\/users\/1"}],"replies":[{"embeddable":true,"href":"https:\/\/www.xooloo.com\/fr\/wp-json\/wp\/v2\/comments?post=115"}],"version-history":[{"count":3,"href":"https:\/\/www.xooloo.com\/fr\/wp-json\/wp\/v2\/pages\/115\/revisions"}],"predecessor-version":[{"id":3735,"href":"https:\/\/www.xooloo.com\/fr\/wp-json\/wp\/v2\/pages\/115\/revisions\/3735"}],"wp:attachment":[{"href":"https:\/\/www.xooloo.com\/fr\/wp-json\/wp\/v2\/media?parent=115"}],"curies":[{"name":"wp","href":"https:\/\/api.w.org\/{rel}","templated":true}]}}