{"id":1082,"date":"2014-05-19T09:23:54","date_gmt":"2014-05-19T08:23:54","guid":{"rendered":"https:\/\/www.xooloo.com\/?page_id=1082"},"modified":"2018-03-14T15:49:38","modified_gmt":"2018-03-14T14:49:38","slug":"xooloo-revolutionne-vie-numerique-de-vos-enfants","status":"publish","type":"page","link":"https:\/\/www.xooloo.com\/fr\/","title":{"rendered":"Xooloo r\u00e9volutionne la vie num\u00e9rique de vos enfants"},"content":{"rendered":"<section class=\"section-home-header\">\n    <div class=\"home-bckg s-0 m-0\">\n        <video loop muted autoplay poster=\"https:\/\/www.xooloo.com\/fr\/wp-content\/themes\/xooloo-v3\/img\/home\/photos\/top-desktop-optim.jpg\">\n            <source src=\"https:\/\/www.xooloo.com\/fr\/wp-content\/themes\/xooloo-v3\/home_background.mp4\" type=\"video\/mp4\">\n        <\/video>\n    <\/div>\n    <div class=\"wrap\">\n        <h1 class=\"fs1 kuro f900 uppercase\" >De meilleures habitudes num\u00e9riques<\/h1>\n        <div class=\"fs5 tc\">D\u00e9couvrez l&rsquo;app qui aide vos enfants \u00e0 r\u00e9guler leurs usages sans avoir \u00e0 vous en m\u00ealer.<\/div>\n        <a class=\"button-style large m-0 s-0 popup-dl\" href=\"#\" data-app=\"xdc\" data-from=\"home-page\" data-first-step=\"1\">\n            <span class=\"fs5 uppercase\">Installer votre coach<\/span>\n        <\/a>\n    <\/div>\n<\/section>\n<section class=\"section-home-press backcolor-primary\">\n    <div class=\"wrap\">\n        <div class=\"container flex-around\">\n            <div class=\"xl-35 active home-press\">\n                <i class=\"home home-press-lci bighome-press-lci\"><\/i>\n                <div class=\"line\"><\/div>\n                <p class=\"fs7 italic\">\n                    \u00ab\u00a0Digital Coach permet pour la 1\u00e8re fois aux enfants de comprendre le temps qu&rsquo;ils passent sur leur appareil, les apps qu&rsquo;ils utilisent le plus et de d\u00e9velopper des habitudes num\u00e9riques plus responsables.\u00a0\u00bb\n                <\/p>\n            <\/div>\n            <div class=\"xl-35 home-press\">\n                <i class=\"home home-press-m6 bighome-press-m6\"><\/i>\n                <div class=\"line\"><\/div>\n                <p class=\"fs7 italic\">\n                    \u00ab\u00a0Une appli pour responsabiliser les enfants: \u00abc&rsquo;est un bon moyen parce que parfois moi et mon fr\u00e8re on joue beaucoup aux jeux vid\u00e9os&#8230;\u00bb \u00a0\u00bb\n                <\/p>\n            <\/div>\n            <div class=\"xl-35 home-press\">\n                <i class=\"home home-press-bfm bighome-press-bfm\"><\/i>\n                <div class=\"line\"><\/div>\n                <p class=\"fs7 italic\">\n                    \u00ab\u00a0Garder un oeil bienveillant sur l&rsquo;usage num\u00e9rique des enfants. On est vraiment dans le coaching, le parent gardant quand m\u00eame sur son smartphone une vue sur ce qui se passe.\u00a0\u00bb\n                <\/p>\n            <\/div>\n        <\/div>\n        <div class=\"home-press-selector xl-0 l-0\">\n            <ul>\n                <li><a class=\"active\" href=\"#\"><\/a><\/li>\n                <li><a href=\"#\"><\/a><\/li>\n                <li><a href=\"#\"><\/a><\/li>\n            <\/ul>\n        <\/div>\n    <\/div>\n<\/section>\n<div id=\"fix\"><\/div>\n<section class=\"section-home-main\">\n    <div class=\"wrap\">\n        <h2 class=\"fs1 kuro f700 color-title\">La devise de Xooloo<\/h2>\n        <p class=\"fs5 tc\">Nous pensons que la technologie est une opportunit\u00e9 pour les enfants, raison pour laquelle nous avons fait de notre mission de cr\u00e9er des services num\u00e9riques pour les aider \u00e0 changer le monde.<\/p>\n    <\/div>\n    <div class=\"wrap home-pres\">\n        <div class=\"xl-6 l-6 s-6 m-6 home-xdc\">\n            <h3 class=\"fs2 kuro\">Digital Coach<\/h3>\n            <p class=\"fs7 tc\">\n                Une appli de coaching qui encourage les enfants jusqu&rsquo;\u00e0 environ 12 ans \u00e0 utiliser leur 1er smartphone de mani\u00e8re responsable. Le coach aide les enfants \u00e0 mieux appr\u00e9cier et mod\u00e9rer le temps pass\u00e9 sur leur \u00e9cran.\n            <\/p>\n            <a class=\"button-style medium\" href=\"\/fr\/produits\/digital-coach\/\">En savoir plus<\/a>\n        <\/div>\n        <div class=\"home-phone-xdc xl-0 l-0 s-6 m-6\">\n            <img decoding=\"async\" alt=\"Phone Xooloo Digital Coach\" src=\"https:\/\/www.xooloo.com\/fr\/wp-content\/themes\/xooloo-v3\/img\/home\/fr\/phone-dc-desktop.png\">\n            <i class=\"home home-circle-kids bighome-circle-kids\"><\/i>\n        <\/div>\n        <div class=\"xl-5 l-1 s-0 m-0 home-blank\"><\/div>\n        <div class=\"xl-12 m-12 l-12 home-center\">\n            <div class=\"home-phone-xp s-0 m-0\">\n                <img decoding=\"async\" alt=\"Phone Xooloo Parent\" src=\"https:\/\/www.xooloo.com\/fr\/wp-content\/themes\/xooloo-v3\/img\/home\/fr\/phone-xp-desktop.png\">\n                <i class=\"home home-circle-parents bighome-circle-parents\"><\/i>\n            <\/div>\n            <div class=\"home-anim\">\n                \n                <img decoding=\"async\" id=\"anim-cap\" alt=\"cap Xooloo Digital Coach\" src=\"https:\/\/www.xooloo.com\/fr\/wp-content\/themes\/xooloo-v3\/img\/home\/fr\/anim-cap.png\">\n                \n                <img decoding=\"async\" class=\"anim-arrow\" alt=\"Arrow Xooloo Digital Coach\" src=\"https:\/\/www.xooloo.com\/fr\/wp-content\/themes\/xooloo-v3\/img\/home\/fr\/anim-arrow-kids.png\">\n                \n                <img decoding=\"async\" class=\"anim-arrow\" alt=\"Arrow Xooloo Parents\" src=\"https:\/\/www.xooloo.com\/fr\/wp-content\/themes\/xooloo-v3\/img\/home\/fr\/anim-arrow-parents.png\">\n            \n            \n            <\/div>\n            <div class=\"home-phone-xdc s-0 m-0\">\n                <img decoding=\"async\" alt=\"Phone Xooloo Digital Coach\" src=\"https:\/\/www.xooloo.com\/fr\/wp-content\/themes\/xooloo-v3\/img\/home\/fr\/phone-dc-desktop.png\">\n                <i class=\"home home-circle-kids bighome-circle-kids\"><\/i>\n            <\/div>\n        <\/div>\n        <div class=\"xl-5 l-5 s-0 home-blank\"><\/div>\n        <div class=\"home-phone-xp xl-0 l-0 s-6 m-6\">\n            <img decoding=\"async\" alt=\"Phone Xooloo Parent\" src=\"https:\/\/www.xooloo.com\/fr\/wp-content\/themes\/xooloo-v3\/img\/home\/fr\/phone-xp-desktop.png\">\n             <i class=\"home home-circle-parents\"><\/i>\n        <\/div>\n        <div class=\"xl-6 l-6 s-6 m-6 home-xp\">\n            <h3 class=\"fs2 kuro\">Xooloo Parents<\/h3>\n            <p class=\"fs7 tc\">\n                Synchronis\u00e9e avec Digital Coach sur les appareils de vos enfants, l&rsquo;appli vous permet de les voir prendre de meilleures habitudes et de se faire une id\u00e9e de leurs usages par rapport \u00e0 la norme. Les conseils du coach vous aident \u00e0 rester juste et \u00e0 leur offrir plus d&rsquo;autonomie num\u00e9rique.\n            <\/p>\n            <a class=\"button-style medium\" href=\"\/fr\/produits\/xooloo-parents\/\">En savoir plus<\/a>       \n        <\/div>\n    <\/div>\n<\/section>\n<section class=\"award\">\n    <div>\n        <i class=\"home home-ces bighome-ces\"><\/i>\n        <h4 class=\"fs4 tc f700 italic\">Laur\u00e9at du Best of Innovation Award au CES 2017<\/h4>\n    <\/div>\n    <img decoding=\"async\" alt=\"CES Awards\" class=\"s-0 m-0\" src=\"https:\/\/www.xooloo.com\/fr\/wp-content\/themes\/xooloo-v3\/img\/home\/photos\/awards-desktop.jpg\">\n<\/section>","protected":false},"excerpt":{"rendered":"De meilleures habitudes num\u00e9riques D\u00e9couvrez l&rsquo;app qui aide vos enfants \u00e0 r\u00e9guler leurs usages sans avoir \u00e0 vous en m\u00ealer. Installer votre coach \u00ab\u00a0Digital Coach permet pour la 1\u00e8re fois aux enfants de comprendre le temps qu&rsquo;ils passent sur leur appareil, les apps qu&rsquo;ils utilisent le plus et de d\u00e9velopper des habitudes num\u00e9riques plus responsables.\u00a0\u00bb [&hellip;]","protected":false},"author":1,"featured_media":0,"parent":0,"menu_order":0,"comment_status":"closed","ping_status":"closed","template":"home_2018.php","meta":{"footnotes":""},"yoast_head":"<!-- This site is optimized with the Yoast SEO plugin v21.7 - https:\/\/yoast.com\/wordpress\/plugins\/seo\/ -->\n<title>Xooloo r\u00e9volutionne la vie num\u00e9rique de vos enfants<\/title>\n<meta name=\"description\" content=\"Xooloo accompagne les enfants dans leur vie num\u00e9rique. T\u00e9l\u00e9chargez maintenant nos solutions pour Android, iOS, Windows et Mac (bient\u00f4t).\" \/>\n<meta name=\"robots\" content=\"index, follow, max-snippet:-1, max-image-preview:large, max-video-preview:-1\" \/>\n<link rel=\"canonical\" href=\"https:\/\/www.xooloo.com\/fr\/\" \/>\n<meta property=\"og:locale\" content=\"fr_FR\" \/>\n<meta property=\"og:type\" content=\"article\" \/>\n<meta property=\"og:title\" content=\"Xooloo r\u00e9volutionne la vie num\u00e9rique de vos enfants\" \/>\n<meta property=\"og:description\" content=\"Xooloo accompagne les enfants dans leur vie num\u00e9rique. T\u00e9l\u00e9chargez maintenant nos solutions pour Android, iOS, Windows et Mac (bient\u00f4t).\" \/>\n<meta property=\"og:url\" content=\"https:\/\/www.xooloo.com\/fr\/\" \/>\n<meta property=\"og:site_name\" content=\"Xooloo\" \/>\n<meta property=\"article:modified_time\" content=\"2018-03-14T14:49:38+00:00\" \/>\n<meta name=\"twitter:card\" content=\"summary_large_image\" \/>\n<meta name=\"twitter:label1\" content=\"Dur\u00e9e de lecture estim\u00e9e\" \/>\n\t<meta name=\"twitter:data1\" content=\"1 minute\" \/>\n<script type=\"application\/ld+json\" class=\"yoast-schema-graph\">{\"@context\":\"https:\/\/schema.org\",\"@graph\":[{\"@type\":\"WebPage\",\"@id\":\"https:\/\/www.xooloo.com\/fr\/\",\"url\":\"https:\/\/www.xooloo.com\/fr\/\",\"name\":\"Xooloo r\u00e9volutionne la vie num\u00e9rique de vos enfants\",\"isPartOf\":{\"@id\":\"https:\/\/www.xooloo.com\/fr\/#website\"},\"datePublished\":\"2014-05-19T08:23:54+00:00\",\"dateModified\":\"2018-03-14T14:49:38+00:00\",\"description\":\"Xooloo accompagne les enfants dans leur vie num\u00e9rique. T\u00e9l\u00e9chargez maintenant nos solutions pour Android, iOS, Windows et Mac (bient\u00f4t).\",\"inLanguage\":\"fr-FR\",\"potentialAction\":[{\"@type\":\"ReadAction\",\"target\":[\"https:\/\/www.xooloo.com\/fr\/\"]}]},{\"@type\":\"WebSite\",\"@id\":\"https:\/\/www.xooloo.com\/fr\/#website\",\"url\":\"https:\/\/www.xooloo.com\/fr\/\",\"name\":\"Xooloo\",\"description\":\"Xooloo r\u00e9volutionne la vie num\u00e9rique de vos enfants\",\"potentialAction\":[{\"@type\":\"SearchAction\",\"target\":{\"@type\":\"EntryPoint\",\"urlTemplate\":\"https:\/\/www.xooloo.com\/fr\/?s={search_term_string}\"},\"query-input\":\"required name=search_term_string\"}],\"inLanguage\":\"fr-FR\"}]}<\/script>\n<!-- \/ Yoast SEO plugin. -->","yoast_head_json":{"title":"Xooloo r\u00e9volutionne la vie num\u00e9rique de vos enfants","description":"Xooloo accompagne les enfants dans leur vie num\u00e9rique. T\u00e9l\u00e9chargez maintenant nos solutions pour Android, iOS, Windows et Mac (bient\u00f4t).","robots":{"index":"index","follow":"follow","max-snippet":"max-snippet:-1","max-image-preview":"max-image-preview:large","max-video-preview":"max-video-preview:-1"},"canonical":"https:\/\/www.xooloo.com\/fr\/","og_locale":"fr_FR","og_type":"article","og_title":"Xooloo r\u00e9volutionne la vie num\u00e9rique de vos enfants","og_description":"Xooloo accompagne les enfants dans leur vie num\u00e9rique. T\u00e9l\u00e9chargez maintenant nos solutions pour Android, iOS, Windows et Mac (bient\u00f4t).","og_url":"https:\/\/www.xooloo.com\/fr\/","og_site_name":"Xooloo","article_modified_time":"2018-03-14T14:49:38+00:00","twitter_card":"summary_large_image","twitter_misc":{"Dur\u00e9e de lecture estim\u00e9e":"1 minute"},"schema":{"@context":"https:\/\/schema.org","@graph":[{"@type":"WebPage","@id":"https:\/\/www.xooloo.com\/fr\/","url":"https:\/\/www.xooloo.com\/fr\/","name":"Xooloo r\u00e9volutionne la vie num\u00e9rique de vos enfants","isPartOf":{"@id":"https:\/\/www.xooloo.com\/fr\/#website"},"datePublished":"2014-05-19T08:23:54+00:00","dateModified":"2018-03-14T14:49:38+00:00","description":"Xooloo accompagne les enfants dans leur vie num\u00e9rique. T\u00e9l\u00e9chargez maintenant nos solutions pour Android, iOS, Windows et Mac (bient\u00f4t).","inLanguage":"fr-FR","potentialAction":[{"@type":"ReadAction","target":["https:\/\/www.xooloo.com\/fr\/"]}]},{"@type":"WebSite","@id":"https:\/\/www.xooloo.com\/fr\/#website","url":"https:\/\/www.xooloo.com\/fr\/","name":"Xooloo","description":"Xooloo r\u00e9volutionne la vie num\u00e9rique de vos enfants","potentialAction":[{"@type":"SearchAction","target":{"@type":"EntryPoint","urlTemplate":"https:\/\/www.xooloo.com\/fr\/?s={search_term_string}"},"query-input":"required name=search_term_string"}],"inLanguage":"fr-FR"}]}},"_links":{"self":[{"href":"https:\/\/www.xooloo.com\/fr\/wp-json\/wp\/v2\/pages\/1082"}],"collection":[{"href":"https:\/\/www.xooloo.com\/fr\/wp-json\/wp\/v2\/pages"}],"about":[{"href":"https:\/\/www.xooloo.com\/fr\/wp-json\/wp\/v2\/types\/page"}],"author":[{"embeddable":true,"href":"https:\/\/www.xooloo.com\/fr\/wp-json\/wp\/v2\/users\/1"}],"replies":[{"embeddable":true,"href":"https:\/\/www.xooloo.com\/fr\/wp-json\/wp\/v2\/comments?post=1082"}],"version-history":[{"count":3,"href":"https:\/\/www.xooloo.com\/fr\/wp-json\/wp\/v2\/pages\/1082\/revisions"}],"predecessor-version":[{"id":3849,"href":"https:\/\/www.xooloo.com\/fr\/wp-json\/wp\/v2\/pages\/1082\/revisions\/3849"}],"wp:attachment":[{"href":"https:\/\/www.xooloo.com\/fr\/wp-json\/wp\/v2\/media?parent=1082"}],"curies":[{"name":"wp","href":"https:\/\/api.w.org\/{rel}","templated":true}]}}